{"id":6200,"date":"2026-05-08T10:46:40","date_gmt":"2026-05-08T08:46:40","guid":{"rendered":"https:\/\/umg.ch\/unsere-laeden\/"},"modified":"2026-05-08T10:46:40","modified_gmt":"2026-05-08T08:46:40","slug":"unsere-laeden","status":"publish","type":"page","link":"https:\/\/umg.ch\/de\/unsere-laeden\/","title":{"rendered":"Unsere L\u00e4den"},"content":{"rendered":"\n<h2 class=\"wp-block-heading\">Eaux-vives <\/h2>\n\n<h4 class=\"wp-block-heading\">Offenverkauf von Fr\u00fcchten und Gem\u00fcse.<br\/>Entdecken Sie unser vielf\u00e4ltiges Angebot an Saisongem\u00fcse zweiter Klasse zum Freundschaftspreis.<\/h4>\n\n<figure class=\"wp-block-gallery has-nested-images columns-default is-cropped wp-block-gallery-1 is-layout-flex wp-block-gallery-is-layout-flex\">\n<figure class=\"wp-block-image size-large\"><img loading=\"lazy\" decoding=\"async\" width=\"658\" height=\"1170\" data-id=\"6084\" src=\"https:\/\/umg.ch\/wp-content\/uploads\/2026\/02\/IMG_4416-658x1170.jpg\" alt=\"\" class=\"wp-image-6084\" srcset=\"https:\/\/umg.ch\/wp-content\/uploads\/2026\/02\/IMG_4416-658x1170.jpg 658w, https:\/\/umg.ch\/wp-content\/uploads\/2026\/02\/IMG_4416-506x900.jpg 506w, https:\/\/umg.ch\/wp-content\/uploads\/2026\/02\/IMG_4416-768x1365.jpg 768w, https:\/\/umg.ch\/wp-content\/uploads\/2026\/02\/IMG_4416-864x1536.jpg 864w, https:\/\/umg.ch\/wp-content\/uploads\/2026\/02\/IMG_4416-1152x2048.jpg 1152w, https:\/\/umg.ch\/wp-content\/uploads\/2026\/02\/IMG_4416-scaled.jpg 1440w\" sizes=\"auto, (max-width: 658px) 100vw, 658px\" \/><\/figure>\n\n\n\n<figure class=\"wp-block-image size-large\"><img loading=\"lazy\" decoding=\"async\" width=\"878\" height=\"1170\" data-id=\"5914\" src=\"https:\/\/umg.ch\/wp-content\/uploads\/2025\/10\/64f85f5a-b549-4b78-900b-1f9e6c6ac1c7-878x1170.jpeg\" alt=\"\" class=\"wp-image-5914\" srcset=\"https:\/\/umg.ch\/wp-content\/uploads\/2025\/10\/64f85f5a-b549-4b78-900b-1f9e6c6ac1c7-878x1170.jpeg 878w, https:\/\/umg.ch\/wp-content\/uploads\/2025\/10\/64f85f5a-b549-4b78-900b-1f9e6c6ac1c7-600x800.jpeg 600w, https:\/\/umg.ch\/wp-content\/uploads\/2025\/10\/64f85f5a-b549-4b78-900b-1f9e6c6ac1c7-768x1024.jpeg 768w, https:\/\/umg.ch\/wp-content\/uploads\/2025\/10\/64f85f5a-b549-4b78-900b-1f9e6c6ac1c7-1152x1536.jpeg 1152w, https:\/\/umg.ch\/wp-content\/uploads\/2025\/10\/64f85f5a-b549-4b78-900b-1f9e6c6ac1c7.jpeg 1200w\" sizes=\"auto, (max-width: 878px) 100vw, 878px\" \/><\/figure>\n\n\n\n<figure class=\"wp-block-image size-large\"><img loading=\"lazy\" decoding=\"async\" width=\"658\" height=\"1170\" data-id=\"6192\" src=\"https:\/\/umg.ch\/wp-content\/uploads\/2026\/05\/IMG_4441-658x1170.jpg\" alt=\"\" class=\"wp-image-6192\" srcset=\"https:\/\/umg.ch\/wp-content\/uploads\/2026\/05\/IMG_4441-658x1170.jpg 658w, https:\/\/umg.ch\/wp-content\/uploads\/2026\/05\/IMG_4441-506x900.jpg 506w, https:\/\/umg.ch\/wp-content\/uploads\/2026\/05\/IMG_4441-768x1365.jpg 768w, https:\/\/umg.ch\/wp-content\/uploads\/2026\/05\/IMG_4441-864x1536.jpg 864w, https:\/\/umg.ch\/wp-content\/uploads\/2026\/05\/IMG_4441-1152x2048.jpg 1152w, https:\/\/umg.ch\/wp-content\/uploads\/2026\/05\/IMG_4441-scaled.jpg 1440w\" sizes=\"auto, (max-width: 658px) 100vw, 658px\" \/><\/figure>\n<\/figure>\n\n<div class=\"wp-block-columns is-layout-flex wp-container-core-columns-is-layout-9d6595d7 wp-block-columns-is-layout-flex\">\n<div class=\"wp-block-column is-layout-flow wp-block-column-is-layout-flow\">\n<p><strong>Adresse<\/strong><br\/>80 rue des Eaux-vives<br\/>1207Genf<\/p>\n\n\n\n<p>022 700 14 13<\/p>\n\n\n\n<p>marcheeauxvives@umg.ch <\/p>\n\n\n\n<p>Barzahlung oder Kartenzahlung<\/p>\n<\/div>\n\n\n\n<div class=\"wp-block-column is-layout-flow wp-block-column-is-layout-flow\">\n<p style=\"font-size:17px\"><strong>\u00d6ffnungszeiten<\/strong> <\/p>\n\n\n\n<p>Montag bis Freitag: 9:30\u201313:30 Uhr und 14:30\u201319:00 Uhr<br\/>Samstag: 9:30\u201313:30 Uhr und 14:30\u201317:00 Uhr<\/p>\n<\/div>\n<\/div>\n<div class=\"wp-block-image\">\n<figure class=\"aligncenter size-large is-resized\"><img decoding=\"async\" src=\"https:\/\/umg.ch\/wp-content\/uploads\/2020\/09\/noun_Vegetable_2477756.svg\" alt=\"\" class=\"wp-image-2500\" style=\"width:80px;height:80px\"\/><\/figure>\n<\/div>\n<h2 class=\"wp-block-heading\">Gen\u00e8ve &#8211; P\u00e2quis <\/h2>\n\n<h4 class=\"wp-block-heading\">Offenverkauf von Fr\u00fcchten und Gem\u00fcse.<br\/>Entdecken Sie unser vielf\u00e4ltiges Angebot an Saisongem\u00fcse zweiter Klasse zum Freundschaftspreis.<\/h4>\n\n<div class=\"wp-block-columns is-layout-flex wp-container-core-columns-is-layout-9d6595d7 wp-block-columns-is-layout-flex\">\n<div class=\"wp-block-column is-layout-flow wp-block-column-is-layout-flow\">\n<figure class=\"wp-block-image size-full\"><img loading=\"lazy\" decoding=\"async\" width=\"1920\" height=\"2560\" src=\"https:\/\/umg.ch\/wp-content\/uploads\/2026\/02\/IMG_8221-scaled.jpeg\" alt=\"\" class=\"wp-image-6092\" srcset=\"https:\/\/umg.ch\/wp-content\/uploads\/2026\/02\/IMG_8221-scaled.jpeg 1920w, https:\/\/umg.ch\/wp-content\/uploads\/2026\/02\/IMG_8221-600x800.jpeg 600w, https:\/\/umg.ch\/wp-content\/uploads\/2026\/02\/IMG_8221-878x1170.jpeg 878w, https:\/\/umg.ch\/wp-content\/uploads\/2026\/02\/IMG_8221-768x1024.jpeg 768w, https:\/\/umg.ch\/wp-content\/uploads\/2026\/02\/IMG_8221-1152x1536.jpeg 1152w, https:\/\/umg.ch\/wp-content\/uploads\/2026\/02\/IMG_8221-1536x2048.jpeg 1536w\" sizes=\"auto, (max-width: 1920px) 100vw, 1920px\" \/><\/figure>\n<\/div>\n\n\n\n<div class=\"wp-block-column is-layout-flow wp-block-column-is-layout-flow\">\n<figure class=\"wp-block-image size-full\"><img loading=\"lazy\" decoding=\"async\" width=\"1920\" height=\"2560\" src=\"https:\/\/umg.ch\/wp-content\/uploads\/2025\/01\/IMG_0349-scaled.jpg\" alt=\"\" class=\"wp-image-5267\" srcset=\"https:\/\/umg.ch\/wp-content\/uploads\/2025\/01\/IMG_0349-scaled.jpg 1920w, https:\/\/umg.ch\/wp-content\/uploads\/2025\/01\/IMG_0349-600x800.jpg 600w, https:\/\/umg.ch\/wp-content\/uploads\/2025\/01\/IMG_0349-878x1170.jpg 878w, https:\/\/umg.ch\/wp-content\/uploads\/2025\/01\/IMG_0349-768x1024.jpg 768w, https:\/\/umg.ch\/wp-content\/uploads\/2025\/01\/IMG_0349-1152x1536.jpg 1152w, https:\/\/umg.ch\/wp-content\/uploads\/2025\/01\/IMG_0349-1536x2048.jpg 1536w\" sizes=\"auto, (max-width: 1920px) 100vw, 1920px\" \/><\/figure>\n<\/div>\n\n\n\n<div class=\"wp-block-column is-layout-flow wp-block-column-is-layout-flow\">\n<figure class=\"wp-block-image size-large\"><img loading=\"lazy\" decoding=\"async\" width=\"878\" height=\"1170\" src=\"https:\/\/umg.ch\/wp-content\/uploads\/2026\/02\/IMG_8212-1-878x1170.jpeg\" alt=\"\" class=\"wp-image-6096\" srcset=\"https:\/\/umg.ch\/wp-content\/uploads\/2026\/02\/IMG_8212-1-878x1170.jpeg 878w, https:\/\/umg.ch\/wp-content\/uploads\/2026\/02\/IMG_8212-1-600x800.jpeg 600w, https:\/\/umg.ch\/wp-content\/uploads\/2026\/02\/IMG_8212-1-768x1024.jpeg 768w, https:\/\/umg.ch\/wp-content\/uploads\/2026\/02\/IMG_8212-1-1152x1536.jpeg 1152w, https:\/\/umg.ch\/wp-content\/uploads\/2026\/02\/IMG_8212-1-1536x2048.jpeg 1536w, https:\/\/umg.ch\/wp-content\/uploads\/2026\/02\/IMG_8212-1-scaled.jpeg 1920w\" sizes=\"auto, (max-width: 878px) 100vw, 878px\" \/><\/figure>\n<\/div>\n<\/div>\n\n<div class=\"wp-block-columns is-layout-flex wp-container-core-columns-is-layout-9d6595d7 wp-block-columns-is-layout-flex\">\n<div class=\"wp-block-column is-layout-flow wp-block-column-is-layout-flow\">\n<p><strong>Adresse<\/strong><br\/>25 rue de la Navigation<br\/>1201 Genf<\/p>\n\n\n\n<p>022 732 17 01<\/p>\n\n\n\n<p>marchepaquis@umg.ch<\/p>\n\n\n\n<p>Barzahlung oder Kartenzahlung<\/p>\n<\/div>\n\n\n\n<div class=\"wp-block-column is-layout-flow wp-block-column-is-layout-flow\">\n<p style=\"font-size:17px\"><strong>\u00d6ffnungszeiten<\/strong> <\/p>\n\n\n\n<p>Montag bis Freitag: 8:30\u201312:30 Uhr und 13:30\u201319:00 Uhr<br\/>Samstag: 8:30\u201317:00 Uhr<\/p>\n<\/div>\n<\/div>\n\n<div style=\"height:20px\" aria-hidden=\"true\" class=\"wp-block-spacer\"><\/div>\n<div class=\"wp-block-image\">\n<figure class=\"aligncenter size-large is-resized\"><img decoding=\"async\" src=\"https:\/\/umg.ch\/wp-content\/uploads\/2020\/09\/noun_Vegetable_2477756.svg\" alt=\"\" class=\"wp-image-2500\" style=\"width:80px;height:80px\"\/><\/figure>\n<\/div>\n<h2 class=\"wp-block-heading\">Carouge<\/h2>\n\n<h4 class=\"wp-block-heading\">Offenverkauf von Fr\u00fcchten und Gem\u00fcse.<br\/>Entdecken Sie unser vielf\u00e4ltiges Angebot an Saisongem\u00fcse zweiter Klasse zum Freundschaftspreis.<\/h4>\n\n<figure class=\"wp-block-gallery has-nested-images columns-default is-cropped wp-block-gallery-2 is-layout-flex wp-block-gallery-is-layout-flex\">\n<figure class=\"wp-block-image size-large\"><img loading=\"lazy\" decoding=\"async\" width=\"658\" height=\"1170\" data-id=\"6077\" src=\"https:\/\/umg.ch\/wp-content\/uploads\/2026\/02\/IMG_4519-1-658x1170.jpg\" alt=\"\" class=\"wp-image-6077\" srcset=\"https:\/\/umg.ch\/wp-content\/uploads\/2026\/02\/IMG_4519-1-658x1170.jpg 658w, https:\/\/umg.ch\/wp-content\/uploads\/2026\/02\/IMG_4519-1-506x900.jpg 506w, https:\/\/umg.ch\/wp-content\/uploads\/2026\/02\/IMG_4519-1-768x1365.jpg 768w, https:\/\/umg.ch\/wp-content\/uploads\/2026\/02\/IMG_4519-1-864x1536.jpg 864w, https:\/\/umg.ch\/wp-content\/uploads\/2026\/02\/IMG_4519-1-1152x2048.jpg 1152w, https:\/\/umg.ch\/wp-content\/uploads\/2026\/02\/IMG_4519-1-scaled.jpg 1440w\" sizes=\"auto, (max-width: 658px) 100vw, 658px\" \/><\/figure>\n\n\n\n<figure class=\"wp-block-image size-large\"><img loading=\"lazy\" decoding=\"async\" width=\"878\" height=\"1170\" data-id=\"5206\" src=\"https:\/\/umg.ch\/wp-content\/uploads\/2024\/12\/358c43f0-9c31-4c2a-8765-ce1d4d2f4587-878x1170.jpg\" alt=\"\" class=\"wp-image-5206\" srcset=\"https:\/\/umg.ch\/wp-content\/uploads\/2024\/12\/358c43f0-9c31-4c2a-8765-ce1d4d2f4587-878x1170.jpg 878w, https:\/\/umg.ch\/wp-content\/uploads\/2024\/12\/358c43f0-9c31-4c2a-8765-ce1d4d2f4587-600x800.jpg 600w, https:\/\/umg.ch\/wp-content\/uploads\/2024\/12\/358c43f0-9c31-4c2a-8765-ce1d4d2f4587-768x1024.jpg 768w, https:\/\/umg.ch\/wp-content\/uploads\/2024\/12\/358c43f0-9c31-4c2a-8765-ce1d4d2f4587-1152x1536.jpg 1152w, https:\/\/umg.ch\/wp-content\/uploads\/2024\/12\/358c43f0-9c31-4c2a-8765-ce1d4d2f4587.jpg 1200w\" sizes=\"auto, (max-width: 878px) 100vw, 878px\" \/><\/figure>\n\n\n\n<figure class=\"wp-block-image size-large\"><img loading=\"lazy\" decoding=\"async\" width=\"658\" height=\"1170\" data-id=\"6080\" src=\"https:\/\/umg.ch\/wp-content\/uploads\/2026\/02\/IMG_4577-658x1170.jpg\" alt=\"\" class=\"wp-image-6080\" srcset=\"https:\/\/umg.ch\/wp-content\/uploads\/2026\/02\/IMG_4577-658x1170.jpg 658w, https:\/\/umg.ch\/wp-content\/uploads\/2026\/02\/IMG_4577-506x900.jpg 506w, https:\/\/umg.ch\/wp-content\/uploads\/2026\/02\/IMG_4577-768x1365.jpg 768w, https:\/\/umg.ch\/wp-content\/uploads\/2026\/02\/IMG_4577-864x1536.jpg 864w, https:\/\/umg.ch\/wp-content\/uploads\/2026\/02\/IMG_4577-1152x2048.jpg 1152w, https:\/\/umg.ch\/wp-content\/uploads\/2026\/02\/IMG_4577-scaled.jpg 1440w\" sizes=\"auto, (max-width: 658px) 100vw, 658px\" \/><\/figure>\n<\/figure>\n\n<div class=\"wp-block-columns is-layout-flex wp-container-core-columns-is-layout-9d6595d7 wp-block-columns-is-layout-flex\">\n<div class=\"wp-block-column is-layout-flow wp-block-column-is-layout-flow\">\n<p><strong>Adresse<\/strong><br\/>9 rue du Pont-Neuf<br\/>1227 Carouge<\/p>\n\n\n\n<p>022 300 09 15<\/p>\n\n\n\n<p>marchecarouge@umg.ch <\/p>\n\n\n\n<p>Barzahlung oder Kartenzahlung<\/p>\n<\/div>\n\n\n\n<div class=\"wp-block-column is-layout-flow wp-block-column-is-layout-flow\">\n<p style=\"font-size:17px\"><strong>\u00d6ffnungszeiten<\/strong> <\/p>\n\n\n\n<p>Montag bis Freitag: 9:30\u201319:00 Uhr<br\/>Samstag: 9:00\u201317:00 Uhr<\/p>\n\n\n\n<p><\/p>\n\n\n\n<p><\/p>\n<\/div>\n<\/div>\n\n<div style=\"height:50px\" aria-hidden=\"true\" class=\"wp-block-spacer\"><\/div>\n<div class=\"wp-block-image\">\n<figure class=\"aligncenter size-large is-resized\"><img decoding=\"async\" src=\"https:\/\/umg.ch\/wp-content\/uploads\/2020\/09\/noun_Vegetable_2477756.svg\" alt=\"\" class=\"wp-image-2500\" style=\"width:80px;height:80px\"\/><\/figure>\n<\/div>\n<h2 class=\"wp-block-heading\">Perly<\/h2>\n\n<h4 class=\"wp-block-heading\">Kisten in vier Gr\u00f6ssen zum Einheitspreis <br\/>W\u00e4hlen Sie die gew\u00fcnschte Kistengr\u00f6sse und f\u00fcllen Sie Ihre Kiste mit Gem\u00fcse und Fr\u00fcchten Ihrer Wahl.<\/h4>\n\n<figure class=\"wp-block-gallery has-nested-images columns-default is-cropped wp-block-gallery-3 is-layout-flex wp-block-gallery-is-layout-flex\">\n<figure class=\"wp-block-image size-large\"><img loading=\"lazy\" decoding=\"async\" width=\"658\" height=\"1170\" data-id=\"6088\" src=\"https:\/\/umg.ch\/wp-content\/uploads\/2026\/02\/IMG_4741-658x1170.jpg\" alt=\"\" class=\"wp-image-6088\" srcset=\"https:\/\/umg.ch\/wp-content\/uploads\/2026\/02\/IMG_4741-658x1170.jpg 658w, https:\/\/umg.ch\/wp-content\/uploads\/2026\/02\/IMG_4741-506x900.jpg 506w, https:\/\/umg.ch\/wp-content\/uploads\/2026\/02\/IMG_4741-768x1365.jpg 768w, https:\/\/umg.ch\/wp-content\/uploads\/2026\/02\/IMG_4741-864x1536.jpg 864w, https:\/\/umg.ch\/wp-content\/uploads\/2026\/02\/IMG_4741-1152x2048.jpg 1152w, https:\/\/umg.ch\/wp-content\/uploads\/2026\/02\/IMG_4741-scaled.jpg 1440w\" sizes=\"auto, (max-width: 658px) 100vw, 658px\" \/><\/figure>\n\n\n\n<figure class=\"wp-block-image size-large\"><img loading=\"lazy\" decoding=\"async\" width=\"878\" height=\"1170\" data-id=\"5359\" src=\"https:\/\/umg.ch\/wp-content\/uploads\/2025\/02\/IMG_0459-878x1170.jpg\" alt=\"\" class=\"wp-image-5359\" srcset=\"https:\/\/umg.ch\/wp-content\/uploads\/2025\/02\/IMG_0459-878x1170.jpg 878w, https:\/\/umg.ch\/wp-content\/uploads\/2025\/02\/IMG_0459-600x800.jpg 600w, https:\/\/umg.ch\/wp-content\/uploads\/2025\/02\/IMG_0459-768x1024.jpg 768w, https:\/\/umg.ch\/wp-content\/uploads\/2025\/02\/IMG_0459-1152x1536.jpg 1152w, https:\/\/umg.ch\/wp-content\/uploads\/2025\/02\/IMG_0459-rotated.jpg 1512w\" sizes=\"auto, (max-width: 878px) 100vw, 878px\" \/><\/figure>\n\n\n\n<figure class=\"wp-block-image size-large\"><img loading=\"lazy\" decoding=\"async\" width=\"878\" height=\"1170\" data-id=\"6090\" src=\"https:\/\/umg.ch\/wp-content\/uploads\/2026\/02\/IMG_7989-878x1170.jpg\" alt=\"\" class=\"wp-image-6090\" srcset=\"https:\/\/umg.ch\/wp-content\/uploads\/2026\/02\/IMG_7989-878x1170.jpg 878w, https:\/\/umg.ch\/wp-content\/uploads\/2026\/02\/IMG_7989-600x800.jpg 600w, https:\/\/umg.ch\/wp-content\/uploads\/2026\/02\/IMG_7989-768x1024.jpg 768w, https:\/\/umg.ch\/wp-content\/uploads\/2026\/02\/IMG_7989-1152x1536.jpg 1152w, https:\/\/umg.ch\/wp-content\/uploads\/2026\/02\/IMG_7989-1536x2048.jpg 1536w, https:\/\/umg.ch\/wp-content\/uploads\/2026\/02\/IMG_7989-scaled.jpg 1920w\" sizes=\"auto, (max-width: 878px) 100vw, 878px\" \/><\/figure>\n<\/figure>\n\n<div class=\"wp-block-columns is-layout-flex wp-container-core-columns-is-layout-9d6595d7 wp-block-columns-is-layout-flex\">\n<div class=\"wp-block-column is-layout-flow wp-block-column-is-layout-flow\">\n<p><strong>Adresse<\/strong><br\/>45 route de Base<br\/>1258 Perly<\/p>\n\n\n\n<p>022 827 40 58<\/p>\n\n\n\n<p>marcheperly@umg.ch<\/p>\n\n\n\n<p>Barzahlung oder Kartenzahlung<\/p>\n<\/div>\n\n\n\n<div class=\"wp-block-column is-layout-flow wp-block-column-is-layout-flow\">\n<p><strong>\u00d6ffnungszeiten<\/strong> <\/p>\n\n\n\n<p>Montag: 14:00\u201318:00 Uhr<br\/>Dienstag bis Freitag: 9:00\u201312:30 Uhr und 13:30\u201318:00 Uhr<br\/>Samstag: 9:00\u201313:00 Uhr<\/p>\n\n\n\n<p><\/p>\n\n\n\n<p><\/p>\n<\/div>\n<\/div>\n\n<div style=\"height:20px\" aria-hidden=\"true\" class=\"wp-block-spacer\"><\/div>\n<div class=\"wp-block-image\">\n<figure class=\"aligncenter size-large is-resized\"><img decoding=\"async\" src=\"https:\/\/umg.ch\/wp-content\/uploads\/2020\/09\/noun_vegetables_1434570.svg\" alt=\"\" class=\"wp-image-2496\" style=\"width:80px;height:80px\"\/><\/figure>\n<\/div>\n<div style=\"height:20px\" aria-hidden=\"true\" class=\"wp-block-spacer\"><\/div>\n\n<p><\/p>\n","protected":false},"excerpt":{"rendered":"<p>Eaux-vives Offenverkauf von Fr\u00fcchten und Gem\u00fcse.Entdecken Sie unser vielf\u00e4ltiges Angebot an Saisongem\u00fcse zweiter Klasse zum Freundschaftspreis. Adresse80 rue des Eaux-vives1207Genf 022 700 14 13 marcheeauxvives@umg.ch Barzahlung oder Kartenzahlung \u00d6ffnungszeiten Montag [&hellip;]<\/p>\n","protected":false},"author":3,"featured_media":0,"parent":0,"menu_order":0,"comment_status":"closed","ping_status":"closed","template":"","meta":{"_acf_changed":false,"inline_featured_image":false,"footnotes":""},"class_list":["post-6200","page","type-page","status-publish","hentry"],"acf":[],"yoast_head":"<!-- This site is optimized with the Yoast SEO plugin v27.5 - https:\/\/yoast.com\/product\/yoast-seo-wordpress\/ -->\n<title>Unsere L\u00e4den - Union Mara\u00eech\u00e8re de Gen\u00e8ve<\/title>\n<meta name=\"robots\" content=\"index, follow, max-snippet:-1, max-image-preview:large, max-video-preview:-1\" \/>\n<link rel=\"canonical\" href=\"https:\/\/umg.ch\/de\/unsere-laeden\/\" \/>\n<meta property=\"og:locale\" content=\"de_DE\" \/>\n<meta property=\"og:type\" content=\"article\" \/>\n<meta property=\"og:title\" content=\"Unsere L\u00e4den - Union Mara\u00eech\u00e8re de Gen\u00e8ve\" \/>\n<meta property=\"og:description\" content=\"Eaux-vives Offenverkauf von Fr\u00fcchten und Gem\u00fcse.Entdecken Sie unser vielf\u00e4ltiges Angebot an Saisongem\u00fcse zweiter Klasse zum Freundschaftspreis. Adresse80 rue des Eaux-vives1207Genf 022 700 14 13 marcheeauxvives@umg.ch Barzahlung oder Kartenzahlung \u00d6ffnungszeiten Montag [&hellip;]\" \/>\n<meta property=\"og:url\" content=\"https:\/\/umg.ch\/de\/unsere-laeden\/\" \/>\n<meta property=\"og:site_name\" content=\"Union Mara\u00eech\u00e8re de Gen\u00e8ve\" \/>\n<meta property=\"og:image\" content=\"https:\/\/umg.ch\/wp-content\/uploads\/2026\/02\/IMG_4416-scaled.jpg\" \/>\n\t<meta property=\"og:image:width\" content=\"1440\" \/>\n\t<meta property=\"og:image:height\" content=\"2560\" \/>\n\t<meta property=\"og:image:type\" content=\"image\/jpeg\" \/>\n<meta name=\"twitter:card\" content=\"summary_large_image\" \/>\n<meta name=\"twitter:label1\" content=\"Gesch\u00e4tzte Lesezeit\" \/>\n\t<meta name=\"twitter:data1\" content=\"1\u00a0Minute\" \/>\n<script type=\"application\/ld+json\" class=\"yoast-schema-graph\">{\"@context\":\"https:\\\/\\\/schema.org\",\"@graph\":[{\"@type\":\"WebPage\",\"@id\":\"https:\\\/\\\/umg.ch\\\/de\\\/unsere-laeden\\\/\",\"url\":\"https:\\\/\\\/umg.ch\\\/de\\\/unsere-laeden\\\/\",\"name\":\"Unsere L\u00e4den - Union Mara\u00eech\u00e8re de Gen\u00e8ve\",\"isPartOf\":{\"@id\":\"https:\\\/\\\/umg.ch\\\/de\\\/#website\"},\"primaryImageOfPage\":{\"@id\":\"https:\\\/\\\/umg.ch\\\/de\\\/unsere-laeden\\\/#primaryimage\"},\"image\":{\"@id\":\"https:\\\/\\\/umg.ch\\\/de\\\/unsere-laeden\\\/#primaryimage\"},\"thumbnailUrl\":\"https:\\\/\\\/umg.ch\\\/wp-content\\\/uploads\\\/2026\\\/02\\\/IMG_4416-658x1170.jpg\",\"datePublished\":\"2026-05-08T08:46:40+00:00\",\"breadcrumb\":{\"@id\":\"https:\\\/\\\/umg.ch\\\/de\\\/unsere-laeden\\\/#breadcrumb\"},\"inLanguage\":\"de\",\"potentialAction\":[{\"@type\":\"ReadAction\",\"target\":[\"https:\\\/\\\/umg.ch\\\/de\\\/unsere-laeden\\\/\"]}]},{\"@type\":\"ImageObject\",\"inLanguage\":\"de\",\"@id\":\"https:\\\/\\\/umg.ch\\\/de\\\/unsere-laeden\\\/#primaryimage\",\"url\":\"https:\\\/\\\/umg.ch\\\/wp-content\\\/uploads\\\/2026\\\/02\\\/IMG_4416-658x1170.jpg\",\"contentUrl\":\"https:\\\/\\\/umg.ch\\\/wp-content\\\/uploads\\\/2026\\\/02\\\/IMG_4416-658x1170.jpg\"},{\"@type\":\"BreadcrumbList\",\"@id\":\"https:\\\/\\\/umg.ch\\\/de\\\/unsere-laeden\\\/#breadcrumb\",\"itemListElement\":[{\"@type\":\"ListItem\",\"position\":1,\"name\":\"Startseite\",\"item\":\"https:\\\/\\\/umg.ch\\\/de\\\/\"},{\"@type\":\"ListItem\",\"position\":2,\"name\":\"Unsere L\u00e4den\"}]},{\"@type\":\"WebSite\",\"@id\":\"https:\\\/\\\/umg.ch\\\/de\\\/#website\",\"url\":\"https:\\\/\\\/umg.ch\\\/de\\\/\",\"name\":\"Union Mara\u00eech\u00e8re de Gen\u00e8ve\",\"description\":\"Un terroir et des hommes\",\"potentialAction\":[{\"@type\":\"SearchAction\",\"target\":{\"@type\":\"EntryPoint\",\"urlTemplate\":\"https:\\\/\\\/umg.ch\\\/de\\\/?s={search_term_string}\"},\"query-input\":{\"@type\":\"PropertyValueSpecification\",\"valueRequired\":true,\"valueName\":\"search_term_string\"}}],\"inLanguage\":\"de\"}]}<\/script>\n<!-- \/ Yoast SEO plugin. -->","yoast_head_json":{"title":"Unsere L\u00e4den - Union Mara\u00eech\u00e8re de Gen\u00e8ve","robots":{"index":"index","follow":"follow","max-snippet":"max-snippet:-1","max-image-preview":"max-image-preview:large","max-video-preview":"max-video-preview:-1"},"canonical":"https:\/\/umg.ch\/de\/unsere-laeden\/","og_locale":"de_DE","og_type":"article","og_title":"Unsere L\u00e4den - Union Mara\u00eech\u00e8re de Gen\u00e8ve","og_description":"Eaux-vives Offenverkauf von Fr\u00fcchten und Gem\u00fcse.Entdecken Sie unser vielf\u00e4ltiges Angebot an Saisongem\u00fcse zweiter Klasse zum Freundschaftspreis. Adresse80 rue des Eaux-vives1207Genf 022 700 14 13 marcheeauxvives@umg.ch Barzahlung oder Kartenzahlung \u00d6ffnungszeiten Montag [&hellip;]","og_url":"https:\/\/umg.ch\/de\/unsere-laeden\/","og_site_name":"Union Mara\u00eech\u00e8re de Gen\u00e8ve","og_image":[{"width":1440,"height":2560,"url":"https:\/\/umg.ch\/wp-content\/uploads\/2026\/02\/IMG_4416-scaled.jpg","type":"image\/jpeg"}],"twitter_card":"summary_large_image","twitter_misc":{"Gesch\u00e4tzte Lesezeit":"1\u00a0Minute"},"schema":{"@context":"https:\/\/schema.org","@graph":[{"@type":"WebPage","@id":"https:\/\/umg.ch\/de\/unsere-laeden\/","url":"https:\/\/umg.ch\/de\/unsere-laeden\/","name":"Unsere L\u00e4den - Union Mara\u00eech\u00e8re de Gen\u00e8ve","isPartOf":{"@id":"https:\/\/umg.ch\/de\/#website"},"primaryImageOfPage":{"@id":"https:\/\/umg.ch\/de\/unsere-laeden\/#primaryimage"},"image":{"@id":"https:\/\/umg.ch\/de\/unsere-laeden\/#primaryimage"},"thumbnailUrl":"https:\/\/umg.ch\/wp-content\/uploads\/2026\/02\/IMG_4416-658x1170.jpg","datePublished":"2026-05-08T08:46:40+00:00","breadcrumb":{"@id":"https:\/\/umg.ch\/de\/unsere-laeden\/#breadcrumb"},"inLanguage":"de","potentialAction":[{"@type":"ReadAction","target":["https:\/\/umg.ch\/de\/unsere-laeden\/"]}]},{"@type":"ImageObject","inLanguage":"de","@id":"https:\/\/umg.ch\/de\/unsere-laeden\/#primaryimage","url":"https:\/\/umg.ch\/wp-content\/uploads\/2026\/02\/IMG_4416-658x1170.jpg","contentUrl":"https:\/\/umg.ch\/wp-content\/uploads\/2026\/02\/IMG_4416-658x1170.jpg"},{"@type":"BreadcrumbList","@id":"https:\/\/umg.ch\/de\/unsere-laeden\/#breadcrumb","itemListElement":[{"@type":"ListItem","position":1,"name":"Startseite","item":"https:\/\/umg.ch\/de\/"},{"@type":"ListItem","position":2,"name":"Unsere L\u00e4den"}]},{"@type":"WebSite","@id":"https:\/\/umg.ch\/de\/#website","url":"https:\/\/umg.ch\/de\/","name":"Union Mara\u00eech\u00e8re de Gen\u00e8ve","description":"Un terroir et des hommes","potentialAction":[{"@type":"SearchAction","target":{"@type":"EntryPoint","urlTemplate":"https:\/\/umg.ch\/de\/?s={search_term_string}"},"query-input":{"@type":"PropertyValueSpecification","valueRequired":true,"valueName":"search_term_string"}}],"inLanguage":"de"}]}},"_links":{"self":[{"href":"https:\/\/umg.ch\/de\/wp-json\/wp\/v2\/pages\/6200","targetHints":{"allow":["GET"]}}],"collection":[{"href":"https:\/\/umg.ch\/de\/wp-json\/wp\/v2\/pages"}],"about":[{"href":"https:\/\/umg.ch\/de\/wp-json\/wp\/v2\/types\/page"}],"author":[{"embeddable":true,"href":"https:\/\/umg.ch\/de\/wp-json\/wp\/v2\/users\/3"}],"replies":[{"embeddable":true,"href":"https:\/\/umg.ch\/de\/wp-json\/wp\/v2\/comments?post=6200"}],"version-history":[{"count":1,"href":"https:\/\/umg.ch\/de\/wp-json\/wp\/v2\/pages\/6200\/revisions"}],"predecessor-version":[{"id":6201,"href":"https:\/\/umg.ch\/de\/wp-json\/wp\/v2\/pages\/6200\/revisions\/6201"}],"wp:attachment":[{"href":"https:\/\/umg.ch\/de\/wp-json\/wp\/v2\/media?parent=6200"}],"curies":[{"name":"wp","href":"https:\/\/api.w.org\/{rel}","templated":true}]}}