{"id":6148,"date":"2026-04-01T10:40:34","date_gmt":"2026-04-01T08:40:34","guid":{"rendered":"https:\/\/umg.ch\/la-cooperative\/mission-vision-werte\/"},"modified":"2026-04-16T15:52:00","modified_gmt":"2026-04-16T13:52:00","slug":"mission-vision-werte","status":"publish","type":"page","link":"https:\/\/umg.ch\/de\/la-cooperative\/mission-vision-werte\/","title":{"rendered":"Mission, Vision &amp; Werte"},"content":{"rendered":"\n<section class=\"wp-block-group\"><div class=\"wp-block-group__inner-container is-layout-constrained wp-block-group-is-layout-constrained\">\n<h2 class=\"wp-block-heading\">Mission<\/h2>\n\n\n\n<p class=\"has-medium-font-size\">Die Mission der Union Mara\u00eech\u00e8re de Gen\u00e8ve ist, die Produktion ihrer Mitglieder und Partner nachhaltig, qualitativ und innovativ zu verwerten, um die Bed\u00fcrfnisse ihrer Kundschaft sowie der Konsumentinnen und Konsumenten so ethisch und respektvoll wie m\u00f6glich zu decken <\/p>\n<\/div><\/section>\n\n<section class=\"wp-block-group\"><div class=\"wp-block-group__inner-container is-layout-constrained wp-block-group-is-layout-constrained\">\n<h2 class=\"wp-block-heading\">Vision<\/h2>\n\n\n\n<p class=\"has-medium-font-size\">Mit ihrem Engagement f\u00fcr Nachhaltigkeit, Qualit\u00e4t und Innovation positioniert sich die Union Mara\u00eech\u00e8re de Gen\u00e8ve als die Referenz f\u00fcr Fr\u00fcchte und Gem\u00fcse.<\/p>\n<\/div><\/section>\n\n<section class=\"wp-block-group\"><div class=\"wp-block-group__inner-container is-layout-constrained wp-block-group-is-layout-constrained\">\n<h2 class=\"wp-block-heading\">Werte<\/h2>\n\n\n\n<p>Die Werte der Union Mara\u00eech\u00e8re de Gen\u00e8ve sind sowohl ihre DNA als auch ihr Antrieb f\u00fcr ihr t\u00e4gliches Wirken:<\/p>\n\n\n<div class=\"accordion mb-3\" id=\"werte\"><\/p>\n\n\n<div class=\"card\">\n        <div class=\"card-header\" id=\"heading1\">\n            <h5 class=\"mb-0\">\n                <button class=\"btn btn-link collapsed\" type=\"button\"\n                        data-toggle=\"collapse\"\n                        data-target=\"#collapse1\"\n                        aria-expanded=\"false\"\n                        aria-controls=\"collapse1\">\n                    Genossenschaft                <\/button>\n            <\/h5>\n        <\/div>\n\n        <div id=\"collapse1\" class=\"collapse\"\n             aria-labelledby=\"heading1\"\n             data-parent=\"#werte\">\n            <div class=\"card-body\">\n                <\/p>\n\n\n\n<p>Die Union Mara\u00eech\u00e8re de Gen\u00e8ve ist historisch als <strong>Genossenschaft<\/strong> organisiert. <\/p>\n\n\n\n<p>Diese Funktionsweise ist integrierender Bestandteil ihrer Identit\u00e4t und gew\u00e4hrleistet die <strong>Beteiligung<\/strong> aller \u2013 Produzentinnen und Produzenten sowie Mitarbeiterinnen und Mitarbeiter \u2013 an der strategischen F\u00fchrung.<\/p>\n\n\n\n<p>Mit der Mutualisierung der Ressourcen und Kompetenzen strebt die Genossenschaft nach Fairness und <strong>Gleichbehandlung<\/strong>. Der Grundsatz der Gleichstellung wird noch durch die statutarische Klausel \u00abein Mitglied, eine Stimme\u00bb unabh\u00e4ngig des wirtschaftlichen Gewichts des Mitglieds verst\u00e4rkt<\/p>\n\n\n\n<p>Die Zusammenarbeit funktioniert nur, wenn ein grosses <strong>Vertrauen<\/strong> zwischen den Mitgliedern sowie zwischen den Mitgliedern und den Angestellten herrscht.<\/p>\n\n\n<p>            <\/div>\n        <\/div>\n    <\/div>\n\n\n<div class=\"card\">\n        <div class=\"card-header\" id=\"heading2\">\n            <h5 class=\"mb-0\">\n                <button class=\"btn btn-link collapsed\" type=\"button\"\n                        data-toggle=\"collapse\"\n                        data-target=\"#collapse2\"\n                        aria-expanded=\"false\"\n                        aria-controls=\"collapse2\">\n                    Nachhaltigkeit                <\/button>\n            <\/h5>\n        <\/div>\n\n        <div id=\"collapse2\" class=\"collapse\"\n             aria-labelledby=\"heading2\"\n             data-parent=\"#werte\">\n            <div class=\"card-body\">\n                <\/p>\n\n\n\n<p><strong>Die Nachhaltigkeit ist ein grunds\u00e4tzliches Element f\u00fcr die T\u00e4tigkeit und Beschlussfassung der UMG. Die Genossenschaft betrachtet die Nachhaltigkeit in ihrer Gesamtheit und mit folgenden Komponenten: <\/strong><\/p>\n\n\n\n<p><strong>Soziale Nachhaltigkeit <\/strong>heisst einen respektvollen Umgang mit den Mitarbeitenden pflegen, mit korrekten L\u00f6hnen, Weiterbildungen, starken Sicherheitsnormen und Anreizen zum Umsteigen auf Langsamverkehr. Es bedeutet auch, lokale Mitarbeitende vorziehen und mit regionalen Wiedereingliederungs- und Wohlt\u00e4tigkeitsorganisationen zusammenarbeiten.<\/p>\n\n\n\n<p><strong>\u00d6kologische Nachhaltigkeit<\/strong>: Einhaltung der strikten Gesundheitsnormen, Entwicklung von umweltschonenden Produktionsmethoden mit weniger Pflanzenschutzbehandlungen, chemischen Produkten und Betriebsmitteln, F\u00f6rderung der Biodiversit\u00e4t, Verwendung von erneuerbaren Energien, effizienten Transporten und innovativen Verpackungen.<\/p>\n\n\n\n<p><strong> Wirtschaftliche Nachhaltigkeit:<\/strong> Zusammenarbeit mit lokalen Dienstleistern, aktive Beteiligung an der Weiterentwicklung der lokalen Wirtschaft und an den nationalen und kantonalen agrarpolitischen Beschl\u00fcssen und Aktionen, wirtschaftlicher Fortbestand der Mitglieder und Partner.<\/p>\n\n\n<p>            <\/div>\n        <\/div>\n    <\/div>\n\n\n<div class=\"card\">\n        <div class=\"card-header\" id=\"heading3\">\n            <h5 class=\"mb-0\">\n                <button class=\"btn btn-link collapsed\" type=\"button\"\n                        data-toggle=\"collapse\"\n                        data-target=\"#collapse3\"\n                        aria-expanded=\"false\"\n                        aria-controls=\"collapse3\">\n                    Qualit\u00e4t                <\/button>\n            <\/h5>\n        <\/div>\n\n        <div id=\"collapse3\" class=\"collapse\"\n             aria-labelledby=\"heading3\"\n             data-parent=\"#werte\">\n            <div class=\"card-body\">\n                <\/p>\n\n\n\n<p><strong>Die Qualit\u00e4t steht im Zentrum der t\u00e4glichen Arbeit und \u00dcberlegungen des Betriebs.<\/strong><\/p>\n\n\n\n<p><strong>Qualit\u00e4t der Produkte, <\/strong>um gesundes Obst und Gem\u00fcse zu verkaufen, das die striktesten Normen einh\u00e4lt, unter anderem diejenigen des Labels \u00abohne Pestizide\u00bb.<\/p>\n\n\n\n<p><strong> Qualit\u00e4t der Dienstleistungen,<\/strong> um der Kundschaft und den Partnern die bestm\u00f6glichen Dienstleistungen anzubieten, und zwar sowohl in der Administration als auch bei der Logistik, dem Marketing oder der Forschung und Entwicklung<\/p>\n\n\n\n<p><strong>Qualit\u00e4t der Beziehungen <\/strong>mit den Mitgliedern, Mitarbeitenden, Partnern der Genossenschaft sowie lokalen und nationalen Beh\u00f6rden. Die UMG legt den Fokus auf die Kommunikation und Aufkl\u00e4rung, h\u00f6rt alle Ansprechpartner an und behandelt sie respektvoll<\/p>\n\n\n<p>            <\/div>\n        <\/div>\n    <\/div>\n\n\n<div class=\"card\">\n        <div class=\"card-header\" id=\"heading4\">\n            <h5 class=\"mb-0\">\n                <button class=\"btn btn-link collapsed\" type=\"button\"\n                        data-toggle=\"collapse\"\n                        data-target=\"#collapse4\"\n                        aria-expanded=\"false\"\n                        aria-controls=\"collapse4\">\n                    Innovation                <\/button>\n            <\/h5>\n        <\/div>\n\n        <div id=\"collapse4\" class=\"collapse\"\n             aria-labelledby=\"heading4\"\n             data-parent=\"#werte\">\n            <div class=\"card-body\">\n                <\/p>\n\n\n\n<p><strong>Die Innovation<\/strong> pr\u00e4gt alle \u00dcberlegungen der Union Mara\u00eech\u00e8re de Gen\u00e8ve mit dem Ziel, die Kunden, Mitglieder sowie Konsumentinnen und Konsumenten im Allgemeinen besser zu bedienen.<\/p>\n\n\n\n<p>Der Innovationsgedanke zwingt die Genossenschaft, ihre Funktionsweise, Produkte und Verpackungen sowie ihre Kommunikation permanent <strong>zu hinterfragen.<\/strong><\/p>\n\n\n\n<p>Der Innovationsgedanke veranlasst die Genossenschaft <strong>proaktiv, dynamisch und agil zu sein. <\/strong> <\/p>\n\n\n<p>            <\/div>\n        <\/div>\n    <\/div>\n\n\n<div class=\"card\">\n        <div class=\"card-header\" id=\"heading5\">\n            <h5 class=\"mb-0\">\n                <button class=\"btn btn-link collapsed\" type=\"button\"\n                        data-toggle=\"collapse\"\n                        data-target=\"#collapse5\"\n                        aria-expanded=\"false\"\n                        aria-controls=\"collapse5\">\n                    Leidenschaft                <\/button>\n            <\/h5>\n        <\/div>\n\n        <div id=\"collapse5\" class=\"collapse\"\n             aria-labelledby=\"heading5\"\n             data-parent=\"#werte\">\n            <div class=\"card-body\">\n                <\/p>\n\n\n\n<p><strong> Die Leidenschaft <\/strong>ist zwar der letzte Wert auf der Liste; sie ist aber der Antrieb aller anderen Werte.<\/p>\n\n\n\n<ul class=\"wp-block-list\">\n<li><strong> Leidenschaft <\/strong>f\u00fcr den Beruf, das Produkt und die Qualit\u00e4t<\/li>\n\n\n\n<li><strong> Leidenschaft <\/strong>f\u00fcr die Genossenschaft, das Engagement und die Mutualisierung der Ressourcen.<\/li>\n\n\n\n<li><strong> Leidenschaft <\/strong>f\u00fcr die Kommunikation und den generationen\u00fcbergreifenden Austausch.<\/li>\n\n\n\n<li><strong> Leidenschaft <\/strong>f\u00fcr die eigene Rolle und Mission: <br\/>Nachhaltige, qualitative hochstehende und innovative Verwertung der Produktion, um die Bed\u00fcrfnisse der Bev\u00f6lkerung so ethisch und respektvoll wie m\u00f6glich zu decken.<\/li>\n<\/ul>\n\n\n<p>            <\/div>\n        <\/div>\n    <\/div>\n<\/div><\/section>\n<p><\/div>\n","protected":false},"excerpt":{"rendered":"<p>Mission Die Mission der Union Mara\u00eech\u00e8re de Gen\u00e8ve ist, die Produktion ihrer Mitglieder und Partner nachhaltig, qualitativ und innovativ zu verwerten, um die Bed\u00fcrfnisse ihrer Kundschaft sowie der Konsumentinnen und [&hellip;]<\/p>\n","protected":false},"author":1,"featured_media":0,"parent":2776,"menu_order":0,"comment_status":"closed","ping_status":"closed","template":"","meta":{"_acf_changed":false,"inline_featured_image":false,"footnotes":""},"class_list":["post-6148","page","type-page","status-publish","hentry"],"acf":[],"yoast_head":"<!-- This site is optimized with the Yoast SEO plugin v27.4 - https:\/\/yoast.com\/product\/yoast-seo-wordpress\/ -->\n<title>Mission, Vision &amp; Werte - Union Mara\u00eech\u00e8re de Gen\u00e8ve<\/title>\n<meta name=\"robots\" content=\"index, follow, max-snippet:-1, max-image-preview:large, max-video-preview:-1\" \/>\n<link rel=\"canonical\" href=\"https:\/\/umg.ch\/de\/la-cooperative\/mission-vision-werte\/\" \/>\n<meta property=\"og:locale\" content=\"de_DE\" \/>\n<meta property=\"og:type\" content=\"article\" \/>\n<meta property=\"og:title\" content=\"Mission, Vision &amp; Werte - Union Mara\u00eech\u00e8re de Gen\u00e8ve\" \/>\n<meta property=\"og:description\" content=\"Mission Die Mission der Union Mara\u00eech\u00e8re de Gen\u00e8ve ist, die Produktion ihrer Mitglieder und Partner nachhaltig, qualitativ und innovativ zu verwerten, um die Bed\u00fcrfnisse ihrer Kundschaft sowie der Konsumentinnen und [&hellip;]\" \/>\n<meta property=\"og:url\" content=\"https:\/\/umg.ch\/de\/la-cooperative\/mission-vision-werte\/\" \/>\n<meta property=\"og:site_name\" content=\"Union Mara\u00eech\u00e8re de Gen\u00e8ve\" \/>\n<meta property=\"article:modified_time\" content=\"2026-04-16T13:52:00+00:00\" \/>\n<meta name=\"twitter:card\" content=\"summary_large_image\" \/>\n<meta name=\"twitter:label1\" content=\"Gesch\u00e4tzte Lesezeit\" \/>\n\t<meta name=\"twitter:data1\" content=\"3\u00a0Minuten\" \/>\n<script type=\"application\/ld+json\" class=\"yoast-schema-graph\">{\"@context\":\"https:\\\/\\\/schema.org\",\"@graph\":[{\"@type\":\"WebPage\",\"@id\":\"https:\\\/\\\/umg.ch\\\/de\\\/la-cooperative\\\/mission-vision-werte\\\/\",\"url\":\"https:\\\/\\\/umg.ch\\\/de\\\/la-cooperative\\\/mission-vision-werte\\\/\",\"name\":\"Mission, Vision &amp; Werte - Union Mara\u00eech\u00e8re de Gen\u00e8ve\",\"isPartOf\":{\"@id\":\"https:\\\/\\\/umg.ch\\\/de\\\/#website\"},\"datePublished\":\"2026-04-01T08:40:34+00:00\",\"dateModified\":\"2026-04-16T13:52:00+00:00\",\"breadcrumb\":{\"@id\":\"https:\\\/\\\/umg.ch\\\/de\\\/la-cooperative\\\/mission-vision-werte\\\/#breadcrumb\"},\"inLanguage\":\"de\",\"potentialAction\":[{\"@type\":\"ReadAction\",\"target\":[\"https:\\\/\\\/umg.ch\\\/de\\\/la-cooperative\\\/mission-vision-werte\\\/\"]}]},{\"@type\":\"BreadcrumbList\",\"@id\":\"https:\\\/\\\/umg.ch\\\/de\\\/la-cooperative\\\/mission-vision-werte\\\/#breadcrumb\",\"itemListElement\":[{\"@type\":\"ListItem\",\"position\":1,\"name\":\"Startseite\",\"item\":\"https:\\\/\\\/umg.ch\\\/de\\\/\"},{\"@type\":\"ListItem\",\"position\":2,\"name\":\"Die Genossenschaft\",\"item\":\"https:\\\/\\\/umg.ch\\\/de\\\/la-cooperative\\\/\"},{\"@type\":\"ListItem\",\"position\":3,\"name\":\"Mission, Vision &amp; Werte\"}]},{\"@type\":\"WebSite\",\"@id\":\"https:\\\/\\\/umg.ch\\\/de\\\/#website\",\"url\":\"https:\\\/\\\/umg.ch\\\/de\\\/\",\"name\":\"Union Mara\u00eech\u00e8re de Gen\u00e8ve\",\"description\":\"Un terroir et des hommes\",\"potentialAction\":[{\"@type\":\"SearchAction\",\"target\":{\"@type\":\"EntryPoint\",\"urlTemplate\":\"https:\\\/\\\/umg.ch\\\/de\\\/?s={search_term_string}\"},\"query-input\":{\"@type\":\"PropertyValueSpecification\",\"valueRequired\":true,\"valueName\":\"search_term_string\"}}],\"inLanguage\":\"de\"}]}<\/script>\n<!-- \/ Yoast SEO plugin. -->","yoast_head_json":{"title":"Mission, Vision &amp; Werte - Union Mara\u00eech\u00e8re de Gen\u00e8ve","robots":{"index":"index","follow":"follow","max-snippet":"max-snippet:-1","max-image-preview":"max-image-preview:large","max-video-preview":"max-video-preview:-1"},"canonical":"https:\/\/umg.ch\/de\/la-cooperative\/mission-vision-werte\/","og_locale":"de_DE","og_type":"article","og_title":"Mission, Vision &amp; Werte - Union Mara\u00eech\u00e8re de Gen\u00e8ve","og_description":"Mission Die Mission der Union Mara\u00eech\u00e8re de Gen\u00e8ve ist, die Produktion ihrer Mitglieder und Partner nachhaltig, qualitativ und innovativ zu verwerten, um die Bed\u00fcrfnisse ihrer Kundschaft sowie der Konsumentinnen und [&hellip;]","og_url":"https:\/\/umg.ch\/de\/la-cooperative\/mission-vision-werte\/","og_site_name":"Union Mara\u00eech\u00e8re de Gen\u00e8ve","article_modified_time":"2026-04-16T13:52:00+00:00","twitter_card":"summary_large_image","twitter_misc":{"Gesch\u00e4tzte Lesezeit":"3\u00a0Minuten"},"schema":{"@context":"https:\/\/schema.org","@graph":[{"@type":"WebPage","@id":"https:\/\/umg.ch\/de\/la-cooperative\/mission-vision-werte\/","url":"https:\/\/umg.ch\/de\/la-cooperative\/mission-vision-werte\/","name":"Mission, Vision &amp; Werte - Union Mara\u00eech\u00e8re de Gen\u00e8ve","isPartOf":{"@id":"https:\/\/umg.ch\/de\/#website"},"datePublished":"2026-04-01T08:40:34+00:00","dateModified":"2026-04-16T13:52:00+00:00","breadcrumb":{"@id":"https:\/\/umg.ch\/de\/la-cooperative\/mission-vision-werte\/#breadcrumb"},"inLanguage":"de","potentialAction":[{"@type":"ReadAction","target":["https:\/\/umg.ch\/de\/la-cooperative\/mission-vision-werte\/"]}]},{"@type":"BreadcrumbList","@id":"https:\/\/umg.ch\/de\/la-cooperative\/mission-vision-werte\/#breadcrumb","itemListElement":[{"@type":"ListItem","position":1,"name":"Startseite","item":"https:\/\/umg.ch\/de\/"},{"@type":"ListItem","position":2,"name":"Die Genossenschaft","item":"https:\/\/umg.ch\/de\/la-cooperative\/"},{"@type":"ListItem","position":3,"name":"Mission, Vision &amp; Werte"}]},{"@type":"WebSite","@id":"https:\/\/umg.ch\/de\/#website","url":"https:\/\/umg.ch\/de\/","name":"Union Mara\u00eech\u00e8re de Gen\u00e8ve","description":"Un terroir et des hommes","potentialAction":[{"@type":"SearchAction","target":{"@type":"EntryPoint","urlTemplate":"https:\/\/umg.ch\/de\/?s={search_term_string}"},"query-input":{"@type":"PropertyValueSpecification","valueRequired":true,"valueName":"search_term_string"}}],"inLanguage":"de"}]}},"_links":{"self":[{"href":"https:\/\/umg.ch\/de\/wp-json\/wp\/v2\/pages\/6148","targetHints":{"allow":["GET"]}}],"collection":[{"href":"https:\/\/umg.ch\/de\/wp-json\/wp\/v2\/pages"}],"about":[{"href":"https:\/\/umg.ch\/de\/wp-json\/wp\/v2\/types\/page"}],"author":[{"embeddable":true,"href":"https:\/\/umg.ch\/de\/wp-json\/wp\/v2\/users\/1"}],"replies":[{"embeddable":true,"href":"https:\/\/umg.ch\/de\/wp-json\/wp\/v2\/comments?post=6148"}],"version-history":[{"count":2,"href":"https:\/\/umg.ch\/de\/wp-json\/wp\/v2\/pages\/6148\/revisions"}],"predecessor-version":[{"id":6175,"href":"https:\/\/umg.ch\/de\/wp-json\/wp\/v2\/pages\/6148\/revisions\/6175"}],"up":[{"embeddable":true,"href":"https:\/\/umg.ch\/de\/wp-json\/wp\/v2\/pages\/2776"}],"wp:attachment":[{"href":"https:\/\/umg.ch\/de\/wp-json\/wp\/v2\/media?parent=6148"}],"curies":[{"name":"wp","href":"https:\/\/api.w.org\/{rel}","templated":true}]}}