{"id":2842,"date":"2020-12-10T10:20:26","date_gmt":"2020-12-10T09:20:26","guid":{"rendered":"https:\/\/umg.ch\/?page_id=2842"},"modified":"2020-12-31T11:55:45","modified_gmt":"2020-12-31T10:55:45","slug":"biologische-schaedlingsbekaempfung","status":"publish","type":"page","link":"https:\/\/umg.ch\/de\/engagement\/biologische-schaedlingsbekaempfung\/","title":{"rendered":"Biologische Sch\u00e4dlingsbek\u00e4mpfung"},"content":{"rendered":"\n<div class=\"wp-block-columns is-layout-flex wp-container-core-columns-is-layout-9d6595d7 wp-block-columns-is-layout-flex\">\n<div class=\"wp-block-column is-layout-flow wp-block-column-is-layout-flow\">\n<p>Im Einklang mit ihrer Verpflichtung zu den folgenden Grunds\u00e4tzen:<\/p>\n\n\n\n<p><strong>1. <strong>geringerer Einsatz von Pflanzenschutzmitteln;<\/strong><br>2. <strong>Erhaltung der Wasserressourcen;<\/strong> <br>3. <strong>Erhaltung der Bodenqualit\u00e4t;<\/strong><br>4. <strong>verbesserter Schutz der Artenvielfalt;<\/strong><br>5. <strong>geringerer CO2-Fussabdruck;<\/strong><\/strong><\/p>\n\n\n\n<p><strong><strong>setzen die Mitglieder der Genossenschaft auf biologische Sch\u00e4dlingsbek\u00e4mpfung.<\/strong><\/strong><\/p>\n\n\n\n<div style=\"height:50px\" aria-hidden=\"true\" class=\"wp-block-spacer\"><\/div>\n\n\n\n<div class=\"wp-block-image\"><figure class=\"aligncenter size-large\"><img loading=\"lazy\" decoding=\"async\" width=\"103\" height=\"91\" src=\"https:\/\/umg.ch\/wp-content\/uploads\/2020\/08\/icone-legumes.svg\" alt=\"\" class=\"wp-image-1820\"\/><\/figure><\/div>\n<\/div>\n\n\n\n<div class=\"wp-block-column is-layout-flow wp-block-column-is-layout-flow\">\n<p>Die Genfer Produzentinnen und Produzenten sind Vorreiter in der Hors-Sol-Produktion und verwenden modernste Ans\u00e4tze im Rahmen dieser umweltfreundlichen Anbaumethode. Sie verfolgen eine \u00f6kologische Produktion, die auf Wissen aus den Bereichen Biologie, Agronomie und Insektenkunde aufbaut. Die Talente der Natur sind vielf\u00e4ltig. Deshalb greifen die Genfer Gem\u00fcseg\u00e4rtnerinnen und Gem\u00fcseg\u00e4rtner auf dieses Know-how zur\u00fcck, um ihr Gem\u00fcse zu sch\u00fctzen. Marienk\u00e4fer, die Blattl\u00e4use fressen, sind nur ein Beispiel daf\u00fcr, wie Sch\u00e4dlinge durch die Einf\u00fchrung ihrer nat\u00fcrlichen Feinde in den Kulturen bek\u00e4mpft werden. Dank dieser Technik \u2013 dem sogenannten biologischen und integrierten Pflanzenschutz \u2013 werden weniger chemische Pflanzenschutzmittel ben\u00f6tigt. Die Produktionsweise ist nachhaltig und respektvoll gegen\u00fcber der Umwelt wie den Konsumentinnen und Konsumenten. Die Natur sch\u00fctzt somit die Natur. \u00c4hnlich verwenden die Gem\u00fcsebetriebe Hummeln, um die Bl\u00fcten ihrer Tomatenpflanzen zu best\u00e4uben. \u00dcberdies setzen sie bevorzugt auf organische Substrate. W\u00e4hrend der gesamten Wachstumsphase verf\u00fcgen die Pflanzen so weitgehend von alleine \u00fcber gen\u00fcgend Wasser und N\u00e4hrstoffe, um hochwertige Fr\u00fcchte zu produzieren. Eine weitere Massnahme zugunsten der Umwelt ist die Wiederverwendung des zur Bew\u00e4sserung genutzten Wassers und der N\u00e4hrstoffe, die von den Pflanzen nicht aufgenommen wurden.<\/p>\n<\/div>\n<\/div>\n\n\n\n<p><\/p>\n","protected":false},"excerpt":{"rendered":"<p>Im Einklang mit ihrer Verpflichtung zu den folgenden Grunds\u00e4tzen: 1. geringerer Einsatz von Pflanzenschutzmitteln;2. Erhaltung der Wasserressourcen; 3. Erhaltung der Bodenqualit\u00e4t;4. verbesserter Schutz der Artenvielfalt;5. geringerer CO2-Fussabdruck; setzen die Mitglieder [&hellip;]<\/p>\n","protected":false},"author":1,"featured_media":0,"parent":2827,"menu_order":0,"comment_status":"closed","ping_status":"closed","template":"","meta":{"_acf_changed":false,"inline_featured_image":false,"footnotes":""},"class_list":["post-2842","page","type-page","status-publish","hentry"],"acf":[],"yoast_head":"<!-- This site is optimized with the Yoast SEO plugin v27.5 - https:\/\/yoast.com\/product\/yoast-seo-wordpress\/ -->\n<title>Biologische Sch\u00e4dlingsbek\u00e4mpfung - Union Mara\u00eech\u00e8re de Gen\u00e8ve<\/title>\n<meta name=\"robots\" content=\"index, follow, max-snippet:-1, max-image-preview:large, max-video-preview:-1\" \/>\n<link rel=\"canonical\" href=\"https:\/\/umg.ch\/de\/engagement\/biologische-schaedlingsbekaempfung\/\" \/>\n<meta property=\"og:locale\" content=\"de_DE\" \/>\n<meta property=\"og:type\" content=\"article\" \/>\n<meta property=\"og:title\" content=\"Biologische Sch\u00e4dlingsbek\u00e4mpfung - Union Mara\u00eech\u00e8re de Gen\u00e8ve\" \/>\n<meta property=\"og:description\" content=\"Im Einklang mit ihrer Verpflichtung zu den folgenden Grunds\u00e4tzen: 1. geringerer Einsatz von Pflanzenschutzmitteln;2. Erhaltung der Wasserressourcen; 3. Erhaltung der Bodenqualit\u00e4t;4. verbesserter Schutz der Artenvielfalt;5. geringerer CO2-Fussabdruck; setzen die Mitglieder [&hellip;]\" \/>\n<meta property=\"og:url\" content=\"https:\/\/umg.ch\/de\/engagement\/biologische-schaedlingsbekaempfung\/\" \/>\n<meta property=\"og:site_name\" content=\"Union Mara\u00eech\u00e8re de Gen\u00e8ve\" \/>\n<meta property=\"article:modified_time\" content=\"2020-12-31T10:55:45+00:00\" \/>\n<meta property=\"og:image\" content=\"https:\/\/umg.ch\/wp-content\/uploads\/2020\/08\/icone-legumes.svg\" \/>\n<meta name=\"twitter:card\" content=\"summary_large_image\" \/>\n<meta name=\"twitter:label1\" content=\"Gesch\u00e4tzte Lesezeit\" \/>\n\t<meta name=\"twitter:data1\" content=\"1\u00a0Minute\" \/>\n<script type=\"application\/ld+json\" class=\"yoast-schema-graph\">{\"@context\":\"https:\\\/\\\/schema.org\",\"@graph\":[{\"@type\":\"WebPage\",\"@id\":\"https:\\\/\\\/umg.ch\\\/de\\\/engagement\\\/biologische-schaedlingsbekaempfung\\\/\",\"url\":\"https:\\\/\\\/umg.ch\\\/de\\\/engagement\\\/biologische-schaedlingsbekaempfung\\\/\",\"name\":\"Biologische Sch\u00e4dlingsbek\u00e4mpfung - Union Mara\u00eech\u00e8re de Gen\u00e8ve\",\"isPartOf\":{\"@id\":\"https:\\\/\\\/umg.ch\\\/de\\\/#website\"},\"primaryImageOfPage\":{\"@id\":\"https:\\\/\\\/umg.ch\\\/de\\\/engagement\\\/biologische-schaedlingsbekaempfung\\\/#primaryimage\"},\"image\":{\"@id\":\"https:\\\/\\\/umg.ch\\\/de\\\/engagement\\\/biologische-schaedlingsbekaempfung\\\/#primaryimage\"},\"thumbnailUrl\":\"https:\\\/\\\/umg.ch\\\/wp-content\\\/uploads\\\/2020\\\/08\\\/icone-legumes.svg\",\"datePublished\":\"2020-12-10T09:20:26+00:00\",\"dateModified\":\"2020-12-31T10:55:45+00:00\",\"breadcrumb\":{\"@id\":\"https:\\\/\\\/umg.ch\\\/de\\\/engagement\\\/biologische-schaedlingsbekaempfung\\\/#breadcrumb\"},\"inLanguage\":\"de\",\"potentialAction\":[{\"@type\":\"ReadAction\",\"target\":[\"https:\\\/\\\/umg.ch\\\/de\\\/engagement\\\/biologische-schaedlingsbekaempfung\\\/\"]}]},{\"@type\":\"ImageObject\",\"inLanguage\":\"de\",\"@id\":\"https:\\\/\\\/umg.ch\\\/de\\\/engagement\\\/biologische-schaedlingsbekaempfung\\\/#primaryimage\",\"url\":\"https:\\\/\\\/umg.ch\\\/wp-content\\\/uploads\\\/2020\\\/08\\\/icone-legumes.svg\",\"contentUrl\":\"https:\\\/\\\/umg.ch\\\/wp-content\\\/uploads\\\/2020\\\/08\\\/icone-legumes.svg\"},{\"@type\":\"BreadcrumbList\",\"@id\":\"https:\\\/\\\/umg.ch\\\/de\\\/engagement\\\/biologische-schaedlingsbekaempfung\\\/#breadcrumb\",\"itemListElement\":[{\"@type\":\"ListItem\",\"position\":1,\"name\":\"Startseite\",\"item\":\"https:\\\/\\\/umg.ch\\\/de\\\/\"},{\"@type\":\"ListItem\",\"position\":2,\"name\":\"Zertifizierungen\",\"item\":\"https:\\\/\\\/umg.ch\\\/de\\\/engagement\\\/\"},{\"@type\":\"ListItem\",\"position\":3,\"name\":\"Biologische Sch\u00e4dlingsbek\u00e4mpfung\"}]},{\"@type\":\"WebSite\",\"@id\":\"https:\\\/\\\/umg.ch\\\/de\\\/#website\",\"url\":\"https:\\\/\\\/umg.ch\\\/de\\\/\",\"name\":\"Union Mara\u00eech\u00e8re de Gen\u00e8ve\",\"description\":\"Un terroir et des hommes\",\"potentialAction\":[{\"@type\":\"SearchAction\",\"target\":{\"@type\":\"EntryPoint\",\"urlTemplate\":\"https:\\\/\\\/umg.ch\\\/de\\\/?s={search_term_string}\"},\"query-input\":{\"@type\":\"PropertyValueSpecification\",\"valueRequired\":true,\"valueName\":\"search_term_string\"}}],\"inLanguage\":\"de\"}]}<\/script>\n<!-- \/ Yoast SEO plugin. -->","yoast_head_json":{"title":"Biologische Sch\u00e4dlingsbek\u00e4mpfung - Union Mara\u00eech\u00e8re de Gen\u00e8ve","robots":{"index":"index","follow":"follow","max-snippet":"max-snippet:-1","max-image-preview":"max-image-preview:large","max-video-preview":"max-video-preview:-1"},"canonical":"https:\/\/umg.ch\/de\/engagement\/biologische-schaedlingsbekaempfung\/","og_locale":"de_DE","og_type":"article","og_title":"Biologische Sch\u00e4dlingsbek\u00e4mpfung - Union Mara\u00eech\u00e8re de Gen\u00e8ve","og_description":"Im Einklang mit ihrer Verpflichtung zu den folgenden Grunds\u00e4tzen: 1. geringerer Einsatz von Pflanzenschutzmitteln;2. Erhaltung der Wasserressourcen; 3. Erhaltung der Bodenqualit\u00e4t;4. verbesserter Schutz der Artenvielfalt;5. geringerer CO2-Fussabdruck; setzen die Mitglieder [&hellip;]","og_url":"https:\/\/umg.ch\/de\/engagement\/biologische-schaedlingsbekaempfung\/","og_site_name":"Union Mara\u00eech\u00e8re de Gen\u00e8ve","article_modified_time":"2020-12-31T10:55:45+00:00","og_image":[{"url":"https:\/\/umg.ch\/wp-content\/uploads\/2020\/08\/icone-legumes.svg","type":"","width":"","height":""}],"twitter_card":"summary_large_image","twitter_misc":{"Gesch\u00e4tzte Lesezeit":"1\u00a0Minute"},"schema":{"@context":"https:\/\/schema.org","@graph":[{"@type":"WebPage","@id":"https:\/\/umg.ch\/de\/engagement\/biologische-schaedlingsbekaempfung\/","url":"https:\/\/umg.ch\/de\/engagement\/biologische-schaedlingsbekaempfung\/","name":"Biologische Sch\u00e4dlingsbek\u00e4mpfung - Union Mara\u00eech\u00e8re de Gen\u00e8ve","isPartOf":{"@id":"https:\/\/umg.ch\/de\/#website"},"primaryImageOfPage":{"@id":"https:\/\/umg.ch\/de\/engagement\/biologische-schaedlingsbekaempfung\/#primaryimage"},"image":{"@id":"https:\/\/umg.ch\/de\/engagement\/biologische-schaedlingsbekaempfung\/#primaryimage"},"thumbnailUrl":"https:\/\/umg.ch\/wp-content\/uploads\/2020\/08\/icone-legumes.svg","datePublished":"2020-12-10T09:20:26+00:00","dateModified":"2020-12-31T10:55:45+00:00","breadcrumb":{"@id":"https:\/\/umg.ch\/de\/engagement\/biologische-schaedlingsbekaempfung\/#breadcrumb"},"inLanguage":"de","potentialAction":[{"@type":"ReadAction","target":["https:\/\/umg.ch\/de\/engagement\/biologische-schaedlingsbekaempfung\/"]}]},{"@type":"ImageObject","inLanguage":"de","@id":"https:\/\/umg.ch\/de\/engagement\/biologische-schaedlingsbekaempfung\/#primaryimage","url":"https:\/\/umg.ch\/wp-content\/uploads\/2020\/08\/icone-legumes.svg","contentUrl":"https:\/\/umg.ch\/wp-content\/uploads\/2020\/08\/icone-legumes.svg"},{"@type":"BreadcrumbList","@id":"https:\/\/umg.ch\/de\/engagement\/biologische-schaedlingsbekaempfung\/#breadcrumb","itemListElement":[{"@type":"ListItem","position":1,"name":"Startseite","item":"https:\/\/umg.ch\/de\/"},{"@type":"ListItem","position":2,"name":"Zertifizierungen","item":"https:\/\/umg.ch\/de\/engagement\/"},{"@type":"ListItem","position":3,"name":"Biologische Sch\u00e4dlingsbek\u00e4mpfung"}]},{"@type":"WebSite","@id":"https:\/\/umg.ch\/de\/#website","url":"https:\/\/umg.ch\/de\/","name":"Union Mara\u00eech\u00e8re de Gen\u00e8ve","description":"Un terroir et des hommes","potentialAction":[{"@type":"SearchAction","target":{"@type":"EntryPoint","urlTemplate":"https:\/\/umg.ch\/de\/?s={search_term_string}"},"query-input":{"@type":"PropertyValueSpecification","valueRequired":true,"valueName":"search_term_string"}}],"inLanguage":"de"}]}},"_links":{"self":[{"href":"https:\/\/umg.ch\/de\/wp-json\/wp\/v2\/pages\/2842","targetHints":{"allow":["GET"]}}],"collection":[{"href":"https:\/\/umg.ch\/de\/wp-json\/wp\/v2\/pages"}],"about":[{"href":"https:\/\/umg.ch\/de\/wp-json\/wp\/v2\/types\/page"}],"author":[{"embeddable":true,"href":"https:\/\/umg.ch\/de\/wp-json\/wp\/v2\/users\/1"}],"replies":[{"embeddable":true,"href":"https:\/\/umg.ch\/de\/wp-json\/wp\/v2\/comments?post=2842"}],"version-history":[{"count":5,"href":"https:\/\/umg.ch\/de\/wp-json\/wp\/v2\/pages\/2842\/revisions"}],"predecessor-version":[{"id":3553,"href":"https:\/\/umg.ch\/de\/wp-json\/wp\/v2\/pages\/2842\/revisions\/3553"}],"up":[{"embeddable":true,"href":"https:\/\/umg.ch\/de\/wp-json\/wp\/v2\/pages\/2827"}],"wp:attachment":[{"href":"https:\/\/umg.ch\/de\/wp-json\/wp\/v2\/media?parent=2842"}],"curies":[{"name":"wp","href":"https:\/\/api.w.org\/{rel}","templated":true}]}}