{"id":2819,"date":"2020-12-10T09:59:31","date_gmt":"2020-12-10T08:59:31","guid":{"rendered":"https:\/\/umg.ch\/?page_id=2819"},"modified":"2020-12-10T09:59:42","modified_gmt":"2020-12-10T08:59:42","slug":"offene-stellen","status":"publish","type":"page","link":"https:\/\/umg.ch\/de\/offene-stellen\/","title":{"rendered":"Offene Stellen"},"content":{"rendered":"\n<p><strong><strong>M\u00f6gen Sie Gem\u00fcse und m\u00f6chten Teil unseres dynamischen Teams werden?<\/strong> <\/strong><br>Dann schicken Sie uns Ihre Spontanbewerbung an: <a href=\"mailto:umg@umg.ch\">umg@umg.ch<\/a>! <\/p>\n\n\n\n<div style=\"height:50px\" aria-hidden=\"true\" class=\"wp-block-spacer\"><\/div>\n\n\n\n<h3 class=\"wp-block-heading\">Offene Stellen: <\/h3>\n\n\n\n<p><\/p>\n\n\n\n<figure class=\"wp-block-table\"><table><tbody><tr><td>Wir haben derzeit keine offenen Stellen. <\/td><td class=\"has-text-align-right\" data-align=\"right\"><\/td><\/tr><\/tbody><\/table><\/figure>\n\n\n\n<p><\/p>\n","protected":false},"excerpt":{"rendered":"<p>M\u00f6gen Sie Gem\u00fcse und m\u00f6chten Teil unseres dynamischen Teams werden? Dann schicken Sie uns Ihre Spontanbewerbung an: umg@umg.ch! Offene Stellen: Wir haben derzeit keine offenen Stellen.<\/p>\n","protected":false},"author":1,"featured_media":0,"parent":0,"menu_order":0,"comment_status":"closed","ping_status":"closed","template":"","meta":{"_acf_changed":false,"inline_featured_image":false,"footnotes":""},"class_list":["post-2819","page","type-page","status-publish","hentry"],"acf":[],"yoast_head":"<!-- This site is optimized with the Yoast SEO plugin v27.2 - https:\/\/yoast.com\/product\/yoast-seo-wordpress\/ -->\n<title>Offene Stellen - Union Mara\u00eech\u00e8re de Gen\u00e8ve<\/title>\n<meta name=\"robots\" content=\"index, follow, max-snippet:-1, max-image-preview:large, max-video-preview:-1\" \/>\n<link rel=\"canonical\" href=\"https:\/\/umg.ch\/de\/offene-stellen\/\" \/>\n<meta property=\"og:locale\" content=\"de_DE\" \/>\n<meta property=\"og:type\" content=\"article\" \/>\n<meta property=\"og:title\" content=\"Offene Stellen - Union Mara\u00eech\u00e8re de Gen\u00e8ve\" \/>\n<meta property=\"og:description\" content=\"M\u00f6gen Sie Gem\u00fcse und m\u00f6chten Teil unseres dynamischen Teams werden? Dann schicken Sie uns Ihre Spontanbewerbung an: umg@umg.ch! Offene Stellen: Wir haben derzeit keine offenen Stellen.\" \/>\n<meta property=\"og:url\" content=\"https:\/\/umg.ch\/de\/offene-stellen\/\" \/>\n<meta property=\"og:site_name\" content=\"Union Mara\u00eech\u00e8re de Gen\u00e8ve\" \/>\n<meta property=\"article:modified_time\" content=\"2020-12-10T08:59:42+00:00\" \/>\n<meta name=\"twitter:card\" content=\"summary_large_image\" \/>\n<script type=\"application\/ld+json\" class=\"yoast-schema-graph\">{\"@context\":\"https:\/\/schema.org\",\"@graph\":[{\"@type\":\"WebPage\",\"@id\":\"https:\/\/umg.ch\/de\/offene-stellen\/\",\"url\":\"https:\/\/umg.ch\/de\/offene-stellen\/\",\"name\":\"Offene Stellen - Union Mara\u00eech\u00e8re de Gen\u00e8ve\",\"isPartOf\":{\"@id\":\"https:\/\/umg.ch\/de\/#website\"},\"datePublished\":\"2020-12-10T08:59:31+00:00\",\"dateModified\":\"2020-12-10T08:59:42+00:00\",\"breadcrumb\":{\"@id\":\"https:\/\/umg.ch\/de\/offene-stellen\/#breadcrumb\"},\"inLanguage\":\"de\",\"potentialAction\":[{\"@type\":\"ReadAction\",\"target\":[\"https:\/\/umg.ch\/de\/offene-stellen\/\"]}]},{\"@type\":\"BreadcrumbList\",\"@id\":\"https:\/\/umg.ch\/de\/offene-stellen\/#breadcrumb\",\"itemListElement\":[{\"@type\":\"ListItem\",\"position\":1,\"name\":\"Startseite\",\"item\":\"https:\/\/umg.ch\/de\/\"},{\"@type\":\"ListItem\",\"position\":2,\"name\":\"Offene Stellen\"}]},{\"@type\":\"WebSite\",\"@id\":\"https:\/\/umg.ch\/de\/#website\",\"url\":\"https:\/\/umg.ch\/de\/\",\"name\":\"Union Mara\u00eech\u00e8re de Gen\u00e8ve\",\"description\":\"Un terroir et des hommes\",\"potentialAction\":[{\"@type\":\"SearchAction\",\"target\":{\"@type\":\"EntryPoint\",\"urlTemplate\":\"https:\/\/umg.ch\/de\/?s={search_term_string}\"},\"query-input\":{\"@type\":\"PropertyValueSpecification\",\"valueRequired\":true,\"valueName\":\"search_term_string\"}}],\"inLanguage\":\"de\"}]}<\/script>\n<!-- \/ Yoast SEO plugin. -->","yoast_head_json":{"title":"Offene Stellen - Union Mara\u00eech\u00e8re de Gen\u00e8ve","robots":{"index":"index","follow":"follow","max-snippet":"max-snippet:-1","max-image-preview":"max-image-preview:large","max-video-preview":"max-video-preview:-1"},"canonical":"https:\/\/umg.ch\/de\/offene-stellen\/","og_locale":"de_DE","og_type":"article","og_title":"Offene Stellen - Union Mara\u00eech\u00e8re de Gen\u00e8ve","og_description":"M\u00f6gen Sie Gem\u00fcse und m\u00f6chten Teil unseres dynamischen Teams werden? Dann schicken Sie uns Ihre Spontanbewerbung an: umg@umg.ch! Offene Stellen: Wir haben derzeit keine offenen Stellen.","og_url":"https:\/\/umg.ch\/de\/offene-stellen\/","og_site_name":"Union Mara\u00eech\u00e8re de Gen\u00e8ve","article_modified_time":"2020-12-10T08:59:42+00:00","twitter_card":"summary_large_image","schema":{"@context":"https:\/\/schema.org","@graph":[{"@type":"WebPage","@id":"https:\/\/umg.ch\/de\/offene-stellen\/","url":"https:\/\/umg.ch\/de\/offene-stellen\/","name":"Offene Stellen - Union Mara\u00eech\u00e8re de Gen\u00e8ve","isPartOf":{"@id":"https:\/\/umg.ch\/de\/#website"},"datePublished":"2020-12-10T08:59:31+00:00","dateModified":"2020-12-10T08:59:42+00:00","breadcrumb":{"@id":"https:\/\/umg.ch\/de\/offene-stellen\/#breadcrumb"},"inLanguage":"de","potentialAction":[{"@type":"ReadAction","target":["https:\/\/umg.ch\/de\/offene-stellen\/"]}]},{"@type":"BreadcrumbList","@id":"https:\/\/umg.ch\/de\/offene-stellen\/#breadcrumb","itemListElement":[{"@type":"ListItem","position":1,"name":"Startseite","item":"https:\/\/umg.ch\/de\/"},{"@type":"ListItem","position":2,"name":"Offene Stellen"}]},{"@type":"WebSite","@id":"https:\/\/umg.ch\/de\/#website","url":"https:\/\/umg.ch\/de\/","name":"Union Mara\u00eech\u00e8re de Gen\u00e8ve","description":"Un terroir et des hommes","potentialAction":[{"@type":"SearchAction","target":{"@type":"EntryPoint","urlTemplate":"https:\/\/umg.ch\/de\/?s={search_term_string}"},"query-input":{"@type":"PropertyValueSpecification","valueRequired":true,"valueName":"search_term_string"}}],"inLanguage":"de"}]}},"_links":{"self":[{"href":"https:\/\/umg.ch\/de\/wp-json\/wp\/v2\/pages\/2819","targetHints":{"allow":["GET"]}}],"collection":[{"href":"https:\/\/umg.ch\/de\/wp-json\/wp\/v2\/pages"}],"about":[{"href":"https:\/\/umg.ch\/de\/wp-json\/wp\/v2\/types\/page"}],"author":[{"embeddable":true,"href":"https:\/\/umg.ch\/de\/wp-json\/wp\/v2\/users\/1"}],"replies":[{"embeddable":true,"href":"https:\/\/umg.ch\/de\/wp-json\/wp\/v2\/comments?post=2819"}],"version-history":[{"count":1,"href":"https:\/\/umg.ch\/de\/wp-json\/wp\/v2\/pages\/2819\/revisions"}],"predecessor-version":[{"id":2820,"href":"https:\/\/umg.ch\/de\/wp-json\/wp\/v2\/pages\/2819\/revisions\/2820"}],"wp:attachment":[{"href":"https:\/\/umg.ch\/de\/wp-json\/wp\/v2\/media?parent=2819"}],"curies":[{"name":"wp","href":"https:\/\/api.w.org\/{rel}","templated":true}]}}