{"id":2813,"date":"2020-12-10T09:55:36","date_gmt":"2020-12-10T08:55:36","guid":{"rendered":"https:\/\/umg.ch\/?page_id=2813"},"modified":"2020-12-15T10:35:47","modified_gmt":"2020-12-15T09:35:47","slug":"unsere-marke","status":"publish","type":"page","link":"https:\/\/umg.ch\/de\/cote-jardin\/unsere-marke\/","title":{"rendered":"Unsere Marke"},"content":{"rendered":"\n<div class=\"wp-block-columns is-layout-flex wp-container-core-columns-is-layout-9d6595d7 wp-block-columns-is-layout-flex\">\n<div class=\"wp-block-column is-layout-flow wp-block-column-is-layout-flow\">\n<p>Im Jahr 2000 entstand <em>C\u00f4t\u00e9 Jardin<\/em>, die Erkennungsmarke der Union Mara\u00eech\u00e8re de Gen\u00e8ve.<\/p>\n\n\n\n<p><em>C\u00f4t\u00e9 Jardin<\/em> steht f\u00fcr klare Werte: Qualit\u00e4t, Regionalit\u00e4t und Saisonalit\u00e4t.<\/p>\n\n\n\n<h4 class=\"wp-block-heading\">Cot\u00e9 Jardin steht f\u00fcr die Entwicklung neuer, gesunder und farbenfroher Produkte, die Sie in den Genfer L\u00e4den vorfinden!<\/h4>\n\n\n\n<p>Die Marke ist die Garantie daf\u00fcr, dass das Gem\u00fcse aus regionaler Produktion stammt und die internen Vorgaben und Produktionsbedingungen (\u00f6kologischer Leistungsnachweis und integrierte Produktion) streng befolgt werden.<\/p>\n<\/div>\n\n\n\n<div class=\"wp-block-column is-layout-flow wp-block-column-is-layout-flow\">\n<figure class=\"wp-block-image size-large\"><img loading=\"lazy\" decoding=\"async\" width=\"1170\" height=\"596\" src=\"https:\/\/umg.ch\/wp-content\/uploads\/2020\/08\/LOGO_COTE_JARDIN_NBtrans_OK_2-1170x596.png\" alt=\"\" class=\"wp-image-1843\" srcset=\"https:\/\/umg.ch\/wp-content\/uploads\/2020\/08\/LOGO_COTE_JARDIN_NBtrans_OK_2-1170x596.png 1170w, https:\/\/umg.ch\/wp-content\/uploads\/2020\/08\/LOGO_COTE_JARDIN_NBtrans_OK_2-585x298.png 585w, https:\/\/umg.ch\/wp-content\/uploads\/2020\/08\/LOGO_COTE_JARDIN_NBtrans_OK_2-768x391.png 768w, https:\/\/umg.ch\/wp-content\/uploads\/2020\/08\/LOGO_COTE_JARDIN_NBtrans_OK_2-1536x782.png 1536w, https:\/\/umg.ch\/wp-content\/uploads\/2020\/08\/LOGO_COTE_JARDIN_NBtrans_OK_2-2048x1042.png 2048w\" sizes=\"auto, (max-width: 1170px) 100vw, 1170px\" \/><\/figure>\n\n\n\n<div style=\"height:100px\" aria-hidden=\"true\" class=\"wp-block-spacer\"><\/div>\n<\/div>\n<\/div>\n\n\n<div id=\"parallax-block_5f3100cb5008b\"  class=\"pagestrat strat_illustration parallax-window alignfull\" data-parallax=\"scroll\" data-image-src=\"\n\thttps:\/\/umg.ch\/wp-content\/uploads\/2020\/08\/kraft-01-1400x800.jpg\" style=\"background-color: rgba(0,0,0,0.05);\">\n            <div class=\"container\">\n\t\t\t\t<div class=\"row\">\n\t\t\t\t\t<div class=\"col-md-12\">\n\t\t\t\t\t\t<p><img loading=\"lazy\" decoding=\"async\" class=\"aligncenter size-full wp-image-1862\" src=\"https:\/\/umg.ch\/wp-content\/uploads\/2020\/08\/cote-jardin.svg\" alt=\"\" width=\"1134\" height=\"165\" \/><\/p>\n\t\t\t\t\t<\/div><!--col-xs-12 -->\n\t\t\t\t<\/div><!-- .row-->\n    \t<\/div><!-- .container -->\n    <\/div><!-- pagestrat -->","protected":false},"excerpt":{"rendered":"<p>Im Jahr 2000 entstand C\u00f4t\u00e9 Jardin, die Erkennungsmarke der Union Mara\u00eech\u00e8re de Gen\u00e8ve. C\u00f4t\u00e9 Jardin steht f\u00fcr klare Werte: Qualit\u00e4t, Regionalit\u00e4t und Saisonalit\u00e4t. Cot\u00e9 Jardin steht f\u00fcr die Entwicklung neuer, [&hellip;]<\/p>\n","protected":false},"author":1,"featured_media":0,"parent":2811,"menu_order":0,"comment_status":"closed","ping_status":"closed","template":"","meta":{"_acf_changed":false,"inline_featured_image":false,"footnotes":""},"class_list":["post-2813","page","type-page","status-publish","hentry"],"acf":[],"yoast_head":"<!-- This site is optimized with the Yoast SEO plugin v27.5 - https:\/\/yoast.com\/product\/yoast-seo-wordpress\/ -->\n<title>Unsere Marke - Union Mara\u00eech\u00e8re de Gen\u00e8ve<\/title>\n<meta name=\"robots\" content=\"index, follow, max-snippet:-1, max-image-preview:large, max-video-preview:-1\" \/>\n<link rel=\"canonical\" href=\"https:\/\/umg.ch\/de\/cote-jardin\/unsere-marke\/\" \/>\n<meta property=\"og:locale\" content=\"de_DE\" \/>\n<meta property=\"og:type\" content=\"article\" \/>\n<meta property=\"og:title\" content=\"Unsere Marke - Union Mara\u00eech\u00e8re de Gen\u00e8ve\" \/>\n<meta property=\"og:description\" content=\"Im Jahr 2000 entstand C\u00f4t\u00e9 Jardin, die Erkennungsmarke der Union Mara\u00eech\u00e8re de Gen\u00e8ve. C\u00f4t\u00e9 Jardin steht f\u00fcr klare Werte: Qualit\u00e4t, Regionalit\u00e4t und Saisonalit\u00e4t. Cot\u00e9 Jardin steht f\u00fcr die Entwicklung neuer, [&hellip;]\" \/>\n<meta property=\"og:url\" content=\"https:\/\/umg.ch\/de\/cote-jardin\/unsere-marke\/\" \/>\n<meta property=\"og:site_name\" content=\"Union Mara\u00eech\u00e8re de Gen\u00e8ve\" \/>\n<meta property=\"article:modified_time\" content=\"2020-12-15T09:35:47+00:00\" \/>\n<meta property=\"og:image\" content=\"https:\/\/umg.ch\/wp-content\/uploads\/2020\/08\/LOGO_COTE_JARDIN_NBtrans_OK_2-1170x596.png\" \/>\n<meta name=\"twitter:card\" content=\"summary_large_image\" \/>\n<script type=\"application\/ld+json\" class=\"yoast-schema-graph\">{\"@context\":\"https:\\\/\\\/schema.org\",\"@graph\":[{\"@type\":\"WebPage\",\"@id\":\"https:\\\/\\\/umg.ch\\\/de\\\/cote-jardin\\\/unsere-marke\\\/\",\"url\":\"https:\\\/\\\/umg.ch\\\/de\\\/cote-jardin\\\/unsere-marke\\\/\",\"name\":\"Unsere Marke - Union Mara\u00eech\u00e8re de Gen\u00e8ve\",\"isPartOf\":{\"@id\":\"https:\\\/\\\/umg.ch\\\/de\\\/#website\"},\"primaryImageOfPage\":{\"@id\":\"https:\\\/\\\/umg.ch\\\/de\\\/cote-jardin\\\/unsere-marke\\\/#primaryimage\"},\"image\":{\"@id\":\"https:\\\/\\\/umg.ch\\\/de\\\/cote-jardin\\\/unsere-marke\\\/#primaryimage\"},\"thumbnailUrl\":\"https:\\\/\\\/umg.ch\\\/wp-content\\\/uploads\\\/2020\\\/08\\\/LOGO_COTE_JARDIN_NBtrans_OK_2-1170x596.png\",\"datePublished\":\"2020-12-10T08:55:36+00:00\",\"dateModified\":\"2020-12-15T09:35:47+00:00\",\"breadcrumb\":{\"@id\":\"https:\\\/\\\/umg.ch\\\/de\\\/cote-jardin\\\/unsere-marke\\\/#breadcrumb\"},\"inLanguage\":\"de\",\"potentialAction\":[{\"@type\":\"ReadAction\",\"target\":[\"https:\\\/\\\/umg.ch\\\/de\\\/cote-jardin\\\/unsere-marke\\\/\"]}]},{\"@type\":\"ImageObject\",\"inLanguage\":\"de\",\"@id\":\"https:\\\/\\\/umg.ch\\\/de\\\/cote-jardin\\\/unsere-marke\\\/#primaryimage\",\"url\":\"https:\\\/\\\/umg.ch\\\/wp-content\\\/uploads\\\/2020\\\/08\\\/LOGO_COTE_JARDIN_NBtrans_OK_2-1170x596.png\",\"contentUrl\":\"https:\\\/\\\/umg.ch\\\/wp-content\\\/uploads\\\/2020\\\/08\\\/LOGO_COTE_JARDIN_NBtrans_OK_2-1170x596.png\"},{\"@type\":\"BreadcrumbList\",\"@id\":\"https:\\\/\\\/umg.ch\\\/de\\\/cote-jardin\\\/unsere-marke\\\/#breadcrumb\",\"itemListElement\":[{\"@type\":\"ListItem\",\"position\":1,\"name\":\"Startseite\",\"item\":\"https:\\\/\\\/umg.ch\\\/de\\\/\"},{\"@type\":\"ListItem\",\"position\":2,\"name\":\"C\u00f4t\u00e9 Jardin\",\"item\":\"https:\\\/\\\/umg.ch\\\/de\\\/cote-jardin\\\/\"},{\"@type\":\"ListItem\",\"position\":3,\"name\":\"Unsere Marke\"}]},{\"@type\":\"WebSite\",\"@id\":\"https:\\\/\\\/umg.ch\\\/de\\\/#website\",\"url\":\"https:\\\/\\\/umg.ch\\\/de\\\/\",\"name\":\"Union Mara\u00eech\u00e8re de Gen\u00e8ve\",\"description\":\"Un terroir et des hommes\",\"potentialAction\":[{\"@type\":\"SearchAction\",\"target\":{\"@type\":\"EntryPoint\",\"urlTemplate\":\"https:\\\/\\\/umg.ch\\\/de\\\/?s={search_term_string}\"},\"query-input\":{\"@type\":\"PropertyValueSpecification\",\"valueRequired\":true,\"valueName\":\"search_term_string\"}}],\"inLanguage\":\"de\"}]}<\/script>\n<!-- \/ Yoast SEO plugin. -->","yoast_head_json":{"title":"Unsere Marke - Union Mara\u00eech\u00e8re de Gen\u00e8ve","robots":{"index":"index","follow":"follow","max-snippet":"max-snippet:-1","max-image-preview":"max-image-preview:large","max-video-preview":"max-video-preview:-1"},"canonical":"https:\/\/umg.ch\/de\/cote-jardin\/unsere-marke\/","og_locale":"de_DE","og_type":"article","og_title":"Unsere Marke - Union Mara\u00eech\u00e8re de Gen\u00e8ve","og_description":"Im Jahr 2000 entstand C\u00f4t\u00e9 Jardin, die Erkennungsmarke der Union Mara\u00eech\u00e8re de Gen\u00e8ve. C\u00f4t\u00e9 Jardin steht f\u00fcr klare Werte: Qualit\u00e4t, Regionalit\u00e4t und Saisonalit\u00e4t. Cot\u00e9 Jardin steht f\u00fcr die Entwicklung neuer, [&hellip;]","og_url":"https:\/\/umg.ch\/de\/cote-jardin\/unsere-marke\/","og_site_name":"Union Mara\u00eech\u00e8re de Gen\u00e8ve","article_modified_time":"2020-12-15T09:35:47+00:00","og_image":[{"url":"https:\/\/umg.ch\/wp-content\/uploads\/2020\/08\/LOGO_COTE_JARDIN_NBtrans_OK_2-1170x596.png","type":"","width":"","height":""}],"twitter_card":"summary_large_image","schema":{"@context":"https:\/\/schema.org","@graph":[{"@type":"WebPage","@id":"https:\/\/umg.ch\/de\/cote-jardin\/unsere-marke\/","url":"https:\/\/umg.ch\/de\/cote-jardin\/unsere-marke\/","name":"Unsere Marke - Union Mara\u00eech\u00e8re de Gen\u00e8ve","isPartOf":{"@id":"https:\/\/umg.ch\/de\/#website"},"primaryImageOfPage":{"@id":"https:\/\/umg.ch\/de\/cote-jardin\/unsere-marke\/#primaryimage"},"image":{"@id":"https:\/\/umg.ch\/de\/cote-jardin\/unsere-marke\/#primaryimage"},"thumbnailUrl":"https:\/\/umg.ch\/wp-content\/uploads\/2020\/08\/LOGO_COTE_JARDIN_NBtrans_OK_2-1170x596.png","datePublished":"2020-12-10T08:55:36+00:00","dateModified":"2020-12-15T09:35:47+00:00","breadcrumb":{"@id":"https:\/\/umg.ch\/de\/cote-jardin\/unsere-marke\/#breadcrumb"},"inLanguage":"de","potentialAction":[{"@type":"ReadAction","target":["https:\/\/umg.ch\/de\/cote-jardin\/unsere-marke\/"]}]},{"@type":"ImageObject","inLanguage":"de","@id":"https:\/\/umg.ch\/de\/cote-jardin\/unsere-marke\/#primaryimage","url":"https:\/\/umg.ch\/wp-content\/uploads\/2020\/08\/LOGO_COTE_JARDIN_NBtrans_OK_2-1170x596.png","contentUrl":"https:\/\/umg.ch\/wp-content\/uploads\/2020\/08\/LOGO_COTE_JARDIN_NBtrans_OK_2-1170x596.png"},{"@type":"BreadcrumbList","@id":"https:\/\/umg.ch\/de\/cote-jardin\/unsere-marke\/#breadcrumb","itemListElement":[{"@type":"ListItem","position":1,"name":"Startseite","item":"https:\/\/umg.ch\/de\/"},{"@type":"ListItem","position":2,"name":"C\u00f4t\u00e9 Jardin","item":"https:\/\/umg.ch\/de\/cote-jardin\/"},{"@type":"ListItem","position":3,"name":"Unsere Marke"}]},{"@type":"WebSite","@id":"https:\/\/umg.ch\/de\/#website","url":"https:\/\/umg.ch\/de\/","name":"Union Mara\u00eech\u00e8re de Gen\u00e8ve","description":"Un terroir et des hommes","potentialAction":[{"@type":"SearchAction","target":{"@type":"EntryPoint","urlTemplate":"https:\/\/umg.ch\/de\/?s={search_term_string}"},"query-input":{"@type":"PropertyValueSpecification","valueRequired":true,"valueName":"search_term_string"}}],"inLanguage":"de"}]}},"_links":{"self":[{"href":"https:\/\/umg.ch\/de\/wp-json\/wp\/v2\/pages\/2813","targetHints":{"allow":["GET"]}}],"collection":[{"href":"https:\/\/umg.ch\/de\/wp-json\/wp\/v2\/pages"}],"about":[{"href":"https:\/\/umg.ch\/de\/wp-json\/wp\/v2\/types\/page"}],"author":[{"embeddable":true,"href":"https:\/\/umg.ch\/de\/wp-json\/wp\/v2\/users\/1"}],"replies":[{"embeddable":true,"href":"https:\/\/umg.ch\/de\/wp-json\/wp\/v2\/comments?post=2813"}],"version-history":[{"count":2,"href":"https:\/\/umg.ch\/de\/wp-json\/wp\/v2\/pages\/2813\/revisions"}],"predecessor-version":[{"id":3393,"href":"https:\/\/umg.ch\/de\/wp-json\/wp\/v2\/pages\/2813\/revisions\/3393"}],"up":[{"embeddable":true,"href":"https:\/\/umg.ch\/de\/wp-json\/wp\/v2\/pages\/2811"}],"wp:attachment":[{"href":"https:\/\/umg.ch\/de\/wp-json\/wp\/v2\/media?parent=2813"}],"curies":[{"name":"wp","href":"https:\/\/api.w.org\/{rel}","templated":true}]}}