{"id":2784,"date":"2018-11-22T11:56:02","date_gmt":"2018-11-22T10:56:02","guid":{"rendered":"https:\/\/umg.ch\/la-cooperative\/qui-sommes-nous\/"},"modified":"2020-12-30T13:14:32","modified_gmt":"2020-12-30T12:14:32","slug":"qui-sommes-nous","status":"publish","type":"page","link":"https:\/\/umg.ch\/de\/la-cooperative\/qui-sommes-nous\/","title":{"rendered":"\u00dcber uns"},"content":{"rendered":"\n<div class=\"wp-block-columns is-layout-flex wp-container-core-columns-is-layout-9d6595d7 wp-block-columns-is-layout-flex\">\n<div class=\"wp-block-column is-layout-flow wp-block-column-is-layout-flow\">\n<p>Die <strong>1949<\/strong> gegr\u00fcndete Genossenschaft <em>Union Mara\u00eech\u00e8re de Gen\u00e8ve<\/em> (UMG) vereint die Genfer Gem\u00fcseg\u00e4rtnerinnen und Gem\u00fcseg\u00e4rtner unter einem Dach und vermarktet ihre Produktion.<\/p>\n\n\n\n<p>Im Laufe der Jahreszeiten bauen unsere <strong>31&nbsp;Mitglieder<\/strong> gemeinsam mehr als<strong> 100&nbsp;Sorten Gem\u00fcse<\/strong> und Kleinobst an. Mit dem Boden tief verbunden und mit Begeisterung im Beruf sind die Produzentinnen und Produzenten der UMG bestrebt, althergebrachtes Wissen mit innovativen Ans\u00e4tzen zu vereinen.<\/p>\n<\/div>\n\n\n\n<div class=\"wp-block-column is-layout-flow wp-block-column-is-layout-flow\">\n<p>Die Mitglieder der UMG bauen jedes Jahr 30&nbsp;000&nbsp;Tonnen Gem\u00fcse an \u2013 80&nbsp;% der gesamten Produktion des Kantons Genf. Sie sind die gr\u00f6ssten Tomatenproduzenten der Schweiz. Mit einem Umsatz von CHF&nbsp;100&nbsp;Millionen und mehr als 600&nbsp;Mitarbeitenden ist die UMG ein wichtiger lokaler Wirtschaftsakteur.<\/p>\n\n\n\n<p>Im Sinne einer kontinuierlichen Weiterentwicklung ist die Genossenschaft bestrebt, auf den Wandel der Produktions- und Konsumgewohnheiten zu reagieren und innovative und verantwortungsvolle L\u00f6sungen anzubieten.<\/p>\n<\/div>\n<\/div>\n\n\n<div id=\"parallax-block_5f30febf42f35\"  class=\"pagestrat strat_illustration parallax-window alignfull\" data-parallax=\"scroll\" data-image-src=\"\n\thttps:\/\/umg.ch\/wp-content\/uploads\/2020\/08\/legumes_shop_light-1400x800.jpg\" style=\"background-color: rgba(0,0,0,0.05);\">\n            <div class=\"container\">\n\t\t\t\t<div class=\"row\">\n\t\t\t\t\t<div class=\"col-md-12\">\n\t\t\t\t\t\t<p><img loading=\"lazy\" decoding=\"async\" class=\"aligncenter wp-image-1850 size-full\" src=\"https:\/\/umg.ch\/wp-content\/uploads\/2020\/08\/texte_blanc.svg\" alt=\"\" width=\"1106\" height=\"272\" \/><\/p>\n\t\t\t\t\t<\/div><!--col-xs-12 -->\n\t\t\t\t<\/div><!-- .row-->\n    \t<\/div><!-- .container -->\n    <\/div><!-- pagestrat -->\n\n\n<div class=\"wp-block-columns is-layout-flex wp-container-core-columns-is-layout-9d6595d7 wp-block-columns-is-layout-flex\">\n<div class=\"wp-block-column is-layout-flow wp-block-column-is-layout-flow\">\n<p>Dazu hat sie im Jahr 2000 eine eigene Produzentenmarke geschaffen: <strong><em>C\u00f4t\u00e9 Jardin<\/em><\/strong>. Sie hilft den Konsumentinnen und Konsumenten, die Produkte der UMG leicht zu erkennen. <em>C\u00f4t\u00e9 Jardin<\/em> st\u00fctzt sich auf die Werte Qualit\u00e4t, Regionalit\u00e4t und Saisonalit\u00e4t. Die Marke steht als Garantie daf\u00fcr, dass das Gem\u00fcse aus regionaler Produktion stammt und die internen Vorgaben und Produktionsbedingungen streng befolgt werden. Das Gem\u00fcse von <em>C\u00f4t\u00e9 Jardin<\/em> tr\u00e4gt ausserdem die Label <em>Gen\u00e8ve R\u00e9gion \u2013 Terre Avenir<\/em> (GRTA) und <em>Suisse Garantie<\/em>.<\/p>\n<\/div>\n\n\n\n<div class=\"wp-block-column is-layout-flow wp-block-column-is-layout-flow\">\n<p>Im Jahr 2008 er\u00f6ffnete die Genossenschaft in <strong>Carouge<\/strong> ihren ersten Laden f\u00fcr Fr\u00fcchte und Gem\u00fcse zweiter Klasse zu reduzierten Preisen. Damit wollen wir der Bev\u00f6lkerung Gem\u00fcse zu vorteilhaften Preisen anbieten und gleichzeitig der Lebensmittelverschwendung entgegenwirken. Zudem erschliesst sich daraus eine zus\u00e4tzliche Einkommensquelle f\u00fcr unsere Produzentinnen und Produzenten, denn so k\u00f6nnen sie Ware verkaufen, die sie fr\u00fcher wegwerfen mussten. Unser Laden arbeitete gleich von Anfang an mit gemeinn\u00fctzigen Organisationen zusammen, um die Solidarit\u00e4t in der Region Genf zu unterst\u00fctzen. Bereits im Folgejahr wurde die UMG Partner von <em>Espace-Terroir<\/em>, einem Genfer Pionier f\u00fcr die Lieferung von K\u00f6rben mit Fr\u00fcchten, Gem\u00fcse und traditionellen Produkten aus der Region, mit Schwerpunkt Regionalit\u00e4t, Vielfalt und Qualit\u00e4t.<\/p>\n<\/div>\n<\/div>\n\n\n<div id=\"parallax-block_5f2d3265fc8fe\"  class=\"pagestrat strat_illustration parallax-window alignfull\" data-parallax=\"scroll\" data-image-src=\"\n\thttps:\/\/umg.ch\/wp-content\/uploads\/2018\/08\/2753-1400x800.jpg\" style=\"background-color: rgba(0,0,0,0.05);\">\n            <div class=\"container\">\n\t\t\t\t<div class=\"row\">\n\t\t\t\t\t<div class=\"col-md-12\">\n\t\t\t\t\t\t<p><a href=\"https:\/\/umg.ch\/wp-content\/uploads\/2020\/08\/100legumes-1.svg\"><img decoding=\"async\" class=\"aligncenter wp-image-2394 size-full\" src=\"https:\/\/umg.ch\/wp-content\/uploads\/2020\/08\/100legumes-1.svg\" alt=\"\" \/><\/a><\/p>\n\t\t\t\t\t<\/div><!--col-xs-12 -->\n\t\t\t\t<\/div><!-- .row-->\n    \t<\/div><!-- .container -->\n    <\/div><!-- pagestrat -->\n\n\n<div class=\"wp-block-columns is-layout-flex wp-container-core-columns-is-layout-9d6595d7 wp-block-columns-is-layout-flex\">\n<div class=\"wp-block-column is-layout-flow wp-block-column-is-layout-flow\">\n<p>Die Genossenschaft wuchs weiter und konnte 2014 ein neues Lager- und Vertriebsgeb\u00e4ude in <strong>Perly <\/strong>einweihen. Dieses befindet sich n\u00e4her an den Mitgliedsbetrieben und widerspiegelt das Engagement der UMG f\u00fcr die nachhaltige Entwicklung. Das Geb\u00e4ude beherbergt auch den Hauptsitz der UMG und wurde f\u00fcr seinen direkten Beitrag zur Lebensqualit\u00e4t des Kantons mit dem Wirtschaftspreis der Genfer Handels-, Industrie- und Dienstleistungskammer (<em>Chambre de commerce, d\u2019industrie et des services de Gen\u00e8ve<\/em>, CCIG) ausgezeichnet. Unser Ansatz der Nachhaltigkeit beschr\u00e4nkt sich aber nicht nur auf den Sitz der UMG, sondern er umfasst auch unsere <strong>Produzentinnen und Produzenten<\/strong>, von denen bereits ein grosser Teil \u00fcber eine Solaranlage verf\u00fcgt.<\/p>\n<\/div>\n\n\n\n<div class=\"wp-block-column is-layout-flow wp-block-column-is-layout-flow\">\n<p>Gest\u00fctzt auf diese Erfahrungen hat die UMG beschlossen, ihr <strong>Engagement<\/strong> weiter auszubauen. In ihrer gesamten T\u00e4tigkeit setzt sie immer mehr auf nachhaltige, solidarische und innovative Initiativen: Erwerb eines <strong>Foodtrucks,<\/strong> um den direkten Kontakt zur Bev\u00f6lkerung zu f\u00f6rdern, Aufbau eines <strong>Sortiments an verarbeiteten Erzeugnissen, <\/strong>hergestellt aus unverkauften Restwaren der lokalen Landwirtschaft, Verzicht auf Kunststoff und Einsatz \u00f6kologischer Verpackungsmaterialien, Beitritt zur Vereinigung <strong><em>Demain la Terre<\/em><\/strong>, um die gesamte Genossenschaft zu einem kontinuierlichen Ansatz zugunsten der nachhaltigen Entwicklung zu verpflichten.<\/p>\n<\/div>\n<\/div>\n\n\n\n<figure class=\"wp-block-embed is-type-video is-provider-youtube wp-block-embed-youtube wp-embed-aspect-16-9 wp-has-aspect-ratio\"><div class=\"wp-block-embed__wrapper\">\n<iframe loading=\"lazy\" title=\"Union Mara\u00eech\u00e8re de Gen\u00e8ve\" width=\"1170\" height=\"658\" src=\"https:\/\/www.youtube.com\/embed\/HR0KmjD2n8E?start=8&#038;feature=oembed\" frameborder=\"0\" allow=\"accelerometer; autoplay; clipboard-write; encrypted-media; gyroscope; picture-in-picture\" allowfullscreen><\/iframe>\n<\/div><\/figure>\n\n\n\n<div id=\"banner-block_5f2c2ac331c57\"  class=\"strat strat_banner alignfull\" style=\"background-image: url(https:\/\/umg.ch\/wp-content\/uploads\/2018\/07\/bg-banner_02.png);\">\n\n        <div class=\"container\" >\n\t\t\t\t<div class=\"row align-items-center\">\t\t\t\t\n\t\t\t\t\t\n\t\t\t\t\t\t\t\t\t\t\t<div class=\"col-12\">\n\t\t\t\t\t    \t<img loading=\"lazy\" decoding=\"async\" class=\"aligncenter wp-image-1754\" src=\"https:\/\/umg.ch\/wp-content\/uploads\/2018\/07\/asperge-585x150.png\" alt=\"\" width=\"700\" height=\"180\" srcset=\"https:\/\/umg.ch\/wp-content\/uploads\/2018\/07\/asperge-585x150.png 585w, https:\/\/umg.ch\/wp-content\/uploads\/2018\/07\/asperge-768x197.png 768w, https:\/\/umg.ch\/wp-content\/uploads\/2018\/07\/asperge.png 1169w\" sizes=\"auto, (max-width: 700px) 100vw, 700px\" \/>\t\t\t\t\t    <\/div><!--col-12 -->\n\t\t\t\t\t\t\t\t\t\t\n\t\t\t\t\t\n\t\t\t\t<\/div><!-- .row-->\n    \t<\/div><!-- .container -->\n\n<\/div><!-- strat -->\n\n\n\n<div class=\"wp-block-columns is-layout-flex wp-container-core-columns-is-layout-9d6595d7 wp-block-columns-is-layout-flex\">\n<div class=\"wp-block-column is-layout-flow wp-block-column-is-layout-flow\">\n<p>Mit dieser Dynamik, die in Zukunft noch Fahrt aufnehmen wird, m\u00f6chte die Union Mara\u00eech\u00e8re de Gen\u00e8ve ihre Verantwortung voll und ganz wahrnehmen und mit gutem Beispiel vorangehen, um alle drei Dimensionen der nachhaltigen Entwicklung besser und umfassender zu ber\u00fccksichtigen.<\/p>\n\n\n\n<p>F\u00fcr Xavier Patry, Direktor der UMG, ist es \u00abentscheidend, den Kontakt zur Bev\u00f6lkerung zu suchen, um den Verkauf \u00fcber kurze Vertriebswege, die Qualit\u00e4t und die regionale Landwirtschaft in den Mittelpunkt zu stellen\u00bb. Er erinnert daran, dass ein Viertel aller in der Schweiz konsumierten Tomaten von den Gem\u00fcseb\u00e4uerinnen und Gem\u00fcsebauern der UMG angebaut wurde.<\/p>\n\n\n\n<div style=\"height:50px\" aria-hidden=\"true\" class=\"wp-block-spacer\"><\/div>\n\n\n\n<div class=\"wp-block-image\"><figure class=\"aligncenter size-large\"><img loading=\"lazy\" decoding=\"async\" width=\"103\" height=\"91\" src=\"https:\/\/umg.ch\/wp-content\/uploads\/2020\/08\/icone-legumes.svg\" alt=\"\" class=\"wp-image-1820\"\/><\/figure><\/div>\n<\/div>\n\n\n\n<div class=\"wp-block-column is-layout-flow wp-block-column-is-layout-flow\">\n<div class=\"wp-block-image\"><figure class=\"aligncenter size-medium\"><img loading=\"lazy\" decoding=\"async\" width=\"585\" height=\"390\" src=\"https:\/\/umg.ch\/wp-content\/uploads\/2020\/03\/DSC09722_UMG_batiments-585x390.jpg\" alt=\"\" class=\"wp-image-1600\" srcset=\"https:\/\/umg.ch\/wp-content\/uploads\/2020\/03\/DSC09722_UMG_batiments-585x390.jpg 585w, https:\/\/umg.ch\/wp-content\/uploads\/2020\/03\/DSC09722_UMG_batiments-1170x780.jpg 1170w, https:\/\/umg.ch\/wp-content\/uploads\/2020\/03\/DSC09722_UMG_batiments-600x400.jpg 600w, https:\/\/umg.ch\/wp-content\/uploads\/2020\/03\/DSC09722_UMG_batiments-768x512.jpg 768w, https:\/\/umg.ch\/wp-content\/uploads\/2020\/03\/DSC09722_UMG_batiments-1536x1025.jpg 1536w, https:\/\/umg.ch\/wp-content\/uploads\/2020\/03\/DSC09722_UMG_batiments-120x80.jpg 120w, https:\/\/umg.ch\/wp-content\/uploads\/2020\/03\/DSC09722_UMG_batiments.jpg 2000w\" sizes=\"auto, (max-width: 585px) 100vw, 585px\" \/><\/figure><\/div>\n<\/div>\n<\/div>\n","protected":false},"excerpt":{"rendered":"<p>Die 1949 gegr\u00fcndete Genossenschaft Union Mara\u00eech\u00e8re de Gen\u00e8ve (UMG) vereint die Genfer Gem\u00fcseg\u00e4rtnerinnen und Gem\u00fcseg\u00e4rtner unter einem Dach und vermarktet ihre Produktion. Im Laufe der Jahreszeiten bauen unsere 31&nbsp;Mitglieder gemeinsam [&hellip;]<\/p>\n","protected":false},"author":3,"featured_media":2786,"parent":2776,"menu_order":0,"comment_status":"closed","ping_status":"closed","template":"","meta":{"_acf_changed":false,"inline_featured_image":false,"footnotes":""},"class_list":["post-2784","page","type-page","status-publish","has-post-thumbnail","hentry"],"acf":[],"yoast_head":"<!-- This site is optimized with the Yoast SEO plugin v27.4 - https:\/\/yoast.com\/product\/yoast-seo-wordpress\/ -->\n<title>\u00dcber uns - Union Mara\u00eech\u00e8re de Gen\u00e8ve<\/title>\n<meta name=\"robots\" content=\"index, follow, max-snippet:-1, max-image-preview:large, max-video-preview:-1\" \/>\n<link rel=\"canonical\" href=\"https:\/\/umg.ch\/de\/la-cooperative\/qui-sommes-nous\/\" \/>\n<meta property=\"og:locale\" content=\"de_DE\" \/>\n<meta property=\"og:type\" content=\"article\" \/>\n<meta property=\"og:title\" content=\"\u00dcber uns - Union Mara\u00eech\u00e8re de Gen\u00e8ve\" \/>\n<meta property=\"og:description\" content=\"Die 1949 gegr\u00fcndete Genossenschaft Union Mara\u00eech\u00e8re de Gen\u00e8ve (UMG) vereint die Genfer Gem\u00fcseg\u00e4rtnerinnen und Gem\u00fcseg\u00e4rtner unter einem Dach und vermarktet ihre Produktion. Im Laufe der Jahreszeiten bauen unsere 31&nbsp;Mitglieder gemeinsam [&hellip;]\" \/>\n<meta property=\"og:url\" content=\"https:\/\/umg.ch\/de\/la-cooperative\/qui-sommes-nous\/\" \/>\n<meta property=\"og:site_name\" content=\"Union Mara\u00eech\u00e8re de Gen\u00e8ve\" \/>\n<meta property=\"article:modified_time\" content=\"2020-12-30T12:14:32+00:00\" \/>\n<meta property=\"og:image\" content=\"https:\/\/umg.ch\/wp-content\/uploads\/2020\/03\/DSC09719_UMG_batiments.jpg\" \/>\n\t<meta property=\"og:image:width\" content=\"2000\" \/>\n\t<meta property=\"og:image:height\" content=\"1334\" \/>\n\t<meta property=\"og:image:type\" content=\"image\/jpeg\" \/>\n<meta name=\"twitter:card\" content=\"summary_large_image\" \/>\n<meta name=\"twitter:label1\" content=\"Gesch\u00e4tzte Lesezeit\" \/>\n\t<meta name=\"twitter:data1\" content=\"3\u00a0Minuten\" \/>\n<script type=\"application\/ld+json\" class=\"yoast-schema-graph\">{\"@context\":\"https:\\\/\\\/schema.org\",\"@graph\":[{\"@type\":\"WebPage\",\"@id\":\"https:\\\/\\\/umg.ch\\\/de\\\/la-cooperative\\\/qui-sommes-nous\\\/\",\"url\":\"https:\\\/\\\/umg.ch\\\/de\\\/la-cooperative\\\/qui-sommes-nous\\\/\",\"name\":\"\u00dcber uns - Union Mara\u00eech\u00e8re de Gen\u00e8ve\",\"isPartOf\":{\"@id\":\"https:\\\/\\\/umg.ch\\\/de\\\/#website\"},\"primaryImageOfPage\":{\"@id\":\"https:\\\/\\\/umg.ch\\\/de\\\/la-cooperative\\\/qui-sommes-nous\\\/#primaryimage\"},\"image\":{\"@id\":\"https:\\\/\\\/umg.ch\\\/de\\\/la-cooperative\\\/qui-sommes-nous\\\/#primaryimage\"},\"thumbnailUrl\":\"https:\\\/\\\/umg.ch\\\/wp-content\\\/uploads\\\/2020\\\/03\\\/DSC09719_UMG_batiments.jpg\",\"datePublished\":\"2018-11-22T10:56:02+00:00\",\"dateModified\":\"2020-12-30T12:14:32+00:00\",\"breadcrumb\":{\"@id\":\"https:\\\/\\\/umg.ch\\\/de\\\/la-cooperative\\\/qui-sommes-nous\\\/#breadcrumb\"},\"inLanguage\":\"de\",\"potentialAction\":[{\"@type\":\"ReadAction\",\"target\":[\"https:\\\/\\\/umg.ch\\\/de\\\/la-cooperative\\\/qui-sommes-nous\\\/\"]}]},{\"@type\":\"ImageObject\",\"inLanguage\":\"de\",\"@id\":\"https:\\\/\\\/umg.ch\\\/de\\\/la-cooperative\\\/qui-sommes-nous\\\/#primaryimage\",\"url\":\"https:\\\/\\\/umg.ch\\\/wp-content\\\/uploads\\\/2020\\\/03\\\/DSC09719_UMG_batiments.jpg\",\"contentUrl\":\"https:\\\/\\\/umg.ch\\\/wp-content\\\/uploads\\\/2020\\\/03\\\/DSC09719_UMG_batiments.jpg\",\"width\":2000,\"height\":1334},{\"@type\":\"BreadcrumbList\",\"@id\":\"https:\\\/\\\/umg.ch\\\/de\\\/la-cooperative\\\/qui-sommes-nous\\\/#breadcrumb\",\"itemListElement\":[{\"@type\":\"ListItem\",\"position\":1,\"name\":\"Startseite\",\"item\":\"https:\\\/\\\/umg.ch\\\/de\\\/\"},{\"@type\":\"ListItem\",\"position\":2,\"name\":\"Die Genossenschaft\",\"item\":\"https:\\\/\\\/umg.ch\\\/de\\\/la-cooperative\\\/\"},{\"@type\":\"ListItem\",\"position\":3,\"name\":\"\u00dcber uns\"}]},{\"@type\":\"WebSite\",\"@id\":\"https:\\\/\\\/umg.ch\\\/de\\\/#website\",\"url\":\"https:\\\/\\\/umg.ch\\\/de\\\/\",\"name\":\"Union Mara\u00eech\u00e8re de Gen\u00e8ve\",\"description\":\"Un terroir et des hommes\",\"potentialAction\":[{\"@type\":\"SearchAction\",\"target\":{\"@type\":\"EntryPoint\",\"urlTemplate\":\"https:\\\/\\\/umg.ch\\\/de\\\/?s={search_term_string}\"},\"query-input\":{\"@type\":\"PropertyValueSpecification\",\"valueRequired\":true,\"valueName\":\"search_term_string\"}}],\"inLanguage\":\"de\"}]}<\/script>\n<!-- \/ Yoast SEO plugin. -->","yoast_head_json":{"title":"\u00dcber uns - Union Mara\u00eech\u00e8re de Gen\u00e8ve","robots":{"index":"index","follow":"follow","max-snippet":"max-snippet:-1","max-image-preview":"max-image-preview:large","max-video-preview":"max-video-preview:-1"},"canonical":"https:\/\/umg.ch\/de\/la-cooperative\/qui-sommes-nous\/","og_locale":"de_DE","og_type":"article","og_title":"\u00dcber uns - Union Mara\u00eech\u00e8re de Gen\u00e8ve","og_description":"Die 1949 gegr\u00fcndete Genossenschaft Union Mara\u00eech\u00e8re de Gen\u00e8ve (UMG) vereint die Genfer Gem\u00fcseg\u00e4rtnerinnen und Gem\u00fcseg\u00e4rtner unter einem Dach und vermarktet ihre Produktion. Im Laufe der Jahreszeiten bauen unsere 31&nbsp;Mitglieder gemeinsam [&hellip;]","og_url":"https:\/\/umg.ch\/de\/la-cooperative\/qui-sommes-nous\/","og_site_name":"Union Mara\u00eech\u00e8re de Gen\u00e8ve","article_modified_time":"2020-12-30T12:14:32+00:00","og_image":[{"width":2000,"height":1334,"url":"https:\/\/umg.ch\/wp-content\/uploads\/2020\/03\/DSC09719_UMG_batiments.jpg","type":"image\/jpeg"}],"twitter_card":"summary_large_image","twitter_misc":{"Gesch\u00e4tzte Lesezeit":"3\u00a0Minuten"},"schema":{"@context":"https:\/\/schema.org","@graph":[{"@type":"WebPage","@id":"https:\/\/umg.ch\/de\/la-cooperative\/qui-sommes-nous\/","url":"https:\/\/umg.ch\/de\/la-cooperative\/qui-sommes-nous\/","name":"\u00dcber uns - Union Mara\u00eech\u00e8re de Gen\u00e8ve","isPartOf":{"@id":"https:\/\/umg.ch\/de\/#website"},"primaryImageOfPage":{"@id":"https:\/\/umg.ch\/de\/la-cooperative\/qui-sommes-nous\/#primaryimage"},"image":{"@id":"https:\/\/umg.ch\/de\/la-cooperative\/qui-sommes-nous\/#primaryimage"},"thumbnailUrl":"https:\/\/umg.ch\/wp-content\/uploads\/2020\/03\/DSC09719_UMG_batiments.jpg","datePublished":"2018-11-22T10:56:02+00:00","dateModified":"2020-12-30T12:14:32+00:00","breadcrumb":{"@id":"https:\/\/umg.ch\/de\/la-cooperative\/qui-sommes-nous\/#breadcrumb"},"inLanguage":"de","potentialAction":[{"@type":"ReadAction","target":["https:\/\/umg.ch\/de\/la-cooperative\/qui-sommes-nous\/"]}]},{"@type":"ImageObject","inLanguage":"de","@id":"https:\/\/umg.ch\/de\/la-cooperative\/qui-sommes-nous\/#primaryimage","url":"https:\/\/umg.ch\/wp-content\/uploads\/2020\/03\/DSC09719_UMG_batiments.jpg","contentUrl":"https:\/\/umg.ch\/wp-content\/uploads\/2020\/03\/DSC09719_UMG_batiments.jpg","width":2000,"height":1334},{"@type":"BreadcrumbList","@id":"https:\/\/umg.ch\/de\/la-cooperative\/qui-sommes-nous\/#breadcrumb","itemListElement":[{"@type":"ListItem","position":1,"name":"Startseite","item":"https:\/\/umg.ch\/de\/"},{"@type":"ListItem","position":2,"name":"Die Genossenschaft","item":"https:\/\/umg.ch\/de\/la-cooperative\/"},{"@type":"ListItem","position":3,"name":"\u00dcber uns"}]},{"@type":"WebSite","@id":"https:\/\/umg.ch\/de\/#website","url":"https:\/\/umg.ch\/de\/","name":"Union Mara\u00eech\u00e8re de Gen\u00e8ve","description":"Un terroir et des hommes","potentialAction":[{"@type":"SearchAction","target":{"@type":"EntryPoint","urlTemplate":"https:\/\/umg.ch\/de\/?s={search_term_string}"},"query-input":{"@type":"PropertyValueSpecification","valueRequired":true,"valueName":"search_term_string"}}],"inLanguage":"de"}]}},"_links":{"self":[{"href":"https:\/\/umg.ch\/de\/wp-json\/wp\/v2\/pages\/2784","targetHints":{"allow":["GET"]}}],"collection":[{"href":"https:\/\/umg.ch\/de\/wp-json\/wp\/v2\/pages"}],"about":[{"href":"https:\/\/umg.ch\/de\/wp-json\/wp\/v2\/types\/page"}],"author":[{"embeddable":true,"href":"https:\/\/umg.ch\/de\/wp-json\/wp\/v2\/users\/3"}],"replies":[{"embeddable":true,"href":"https:\/\/umg.ch\/de\/wp-json\/wp\/v2\/comments?post=2784"}],"version-history":[{"count":5,"href":"https:\/\/umg.ch\/de\/wp-json\/wp\/v2\/pages\/2784\/revisions"}],"predecessor-version":[{"id":3524,"href":"https:\/\/umg.ch\/de\/wp-json\/wp\/v2\/pages\/2784\/revisions\/3524"}],"up":[{"embeddable":true,"href":"https:\/\/umg.ch\/de\/wp-json\/wp\/v2\/pages\/2776"}],"wp:featuredmedia":[{"embeddable":true,"href":"https:\/\/umg.ch\/de\/wp-json\/wp\/v2\/media\/2786"}],"wp:attachment":[{"href":"https:\/\/umg.ch\/de\/wp-json\/wp\/v2\/media?parent=2784"}],"curies":[{"name":"wp","href":"https:\/\/api.w.org\/{rel}","templated":true}]}}