{"id":2771,"date":"2017-03-09T19:18:46","date_gmt":"2017-03-09T18:18:46","guid":{"rendered":"https:\/\/umg.ch\/public\/"},"modified":"2022-11-04T16:27:17","modified_gmt":"2022-11-04T15:27:17","slug":"public","status":"publish","type":"page","link":"https:\/\/umg.ch\/de\/","title":{"rendered":"Union Mara\u00eech\u00e8re de Gen\u00e8ve"},"content":{"rendered":"\n<div style=\"height:30px\" aria-hidden=\"true\" class=\"wp-block-spacer\"><\/div>\n\n\n\n<div style=\"height:70px\" aria-hidden=\"true\" class=\"wp-block-spacer\"><\/div>\n\n\n\n<div class=\"wp-block-columns home-presentation is-layout-flex wp-container-core-columns-is-layout-9d6595d7 wp-block-columns-is-layout-flex\">\n<div class=\"wp-block-column is-layout-flow wp-block-column-is-layout-flow\">\n<h2 class=\"wp-block-heading\">Ihr Gem\u00fcse ist <br>von uns!<\/h2>\n<\/div>\n\n\n\n<div class=\"wp-block-column is-layout-flow wp-block-column-is-layout-flow\">\n<p>Die Union Mara\u00eech\u00e8re de Gen\u00e8ve (UMG) vereint die Genfer Gem\u00fcseg\u00e4rtnerinnen und Gem\u00fcseg\u00e4rtner unter einem Dach und vermarktet ihre Produktion.<\/p>\n\n\n\n<p>Im Laufe der Jahreszeiten bauen unsere <strong>31 Mitglieder<\/strong> gemeinsam mehr als<strong> 100 Sorten Gem\u00fcse<\/strong> und Kleinobst an. Mit dem Boden tief verbunden und mit Begeisterung im Beruf sind die Produzentinnen und Produzenten der UMG bestrebt, althergebrachtes Wissen mit innovativen Ans\u00e4tzen zu vereinen.<\/p>\n<\/div>\n<\/div>\n\n\n\n<div style=\"height:70px\" aria-hidden=\"true\" class=\"wp-block-spacer\"><\/div>\n\n\n\n<div id=\"customrandomproductorsblock-block_f9173d46a8bea845435d7504ffe65bd9\" class=\"customrandomproductorsblock alignfull homeblock productors-block\">\n\n\n\n        <div class=\"homeblock-title\">\n\t\t\t<h2>\n\t\t\t\t\n\t\t\t\t<a href=\"https:\/\/umg.ch\/de\/\/productors\/\">\n\t\t\t\tProduzentinnen und Produzenten\t\t\t\t<\/a>\n\t\t\t<\/h2>\n\t\t<\/div><!-- homeblock-titel -->\n        <div class=\"d-flex aligned-row productors-block\">\n\n\n\t\t\t\t\t\n\t\t\t\t\t\t\t<div class=\"col-md-6 thumb_box\" style=\"background-image: url(https:\/\/umg.ch\/wp-content\/uploads\/2018\/12\/MAGNIN0677-900x675.jpg)\">\n\n\t\t\t\t\t\t\t<\/div><!--col-md-6 -->\n\t\t\t\t\t\t\t<div class=\"col-md-6 excerpt-box\">\n\n\t\t\t\t\t\t\t\t<div class=\"inner-box\">\n\n\t\t\t\t\t\t\t\t\t\t<a href=\"https:\/\/umg.ch\/de\/produzenten\/paul-magnin\/\" title=\"PAUL MAGNIN\">\n\t\t\t\t\t\t\t\t    \t<h3>PAUL MAGNIN<\/h3>\n\t\t\t\t\t\t\t\t    \t<\/a>\n\t\t\t\t\t\t\t\t    \t\t\t\t\t\t\t\t\t\t\t\t\t<h4 class=\"titre-producteur\">LE DIVERSIFIE<\/h4>\n\t\t\t\t\t\t\t\t\t\t\n\t\t\t\t\t\t\t\t    \t\t\t\t\t\t\t\t\t\t\t\t<p>Du brocoli \u00e0 la past\u00e8que en passant par les aubergines et le fenouil, Paul produit une trentaine de l\u00e9gumes diff\u00e9rents! Sa devise\u00a0: proposer la plus grande vari\u00e9t\u00e9 de l\u00e9gumes possible en petite quantit\u00e9 tout en donnant le meilleur de lui-m\u00eame. <\/p>\n\t\t\t\t\t\t\t\t\t\t\t\t\t\t\t\t\t\t\t\t\t<div class=\"more-link\">\n\t\t\t\t\t\t\t\t\t\t\t<a href=\"https:\/\/umg.ch\/de\/produzenten\/paul-magnin\/\" title=\"PAUL MAGNIN\">\n\t\t\t\t\t\t\t\t\t\t\t\tMehr erfahren\t\t\t\t\t\t\t\t    \t\t<\/a>\n\t\t\t\t\t\t\t\t\t\t<\/div><!-- more-link -->\n\t\t\t\t\t\t\t\t<\/div><!-- inner-box -->\n\n\t\t\t\t\t\t    <\/div><!--col-md-6 -->\n\n\t\t\t\t\t\n\n\t\t<\/div><!-- .d-flex -->\n\n\n\n<\/div><!-- .homeblock-->\n\n\n\n\n\n<div id=\"customrandomproductsblock-block_33306feca4b6328c501e84fa1f4ca520\" class=\"customrandomproductsblock alignfull homeblock products-block\">\n    <div class=\"homeblock-title\">\n\t\t\t\t\t\t<h2>\n\t\t\t\t<a href=\"https:\/\/umg.ch\/de\/\/products\/\">\n\t\t\t\tProdukte\t\t\t\t<\/a>\n\t\t\t<\/h2>\n\t<\/div><!-- homeblock-titel -->\n    <div class=\"d-flex flex-wrap\">\n\n\n\n\t\t\t\t\t    \n                        \n\t\t\t\t\t\t\t<div class=\"col-12 col-md-4 thumb_box products-block\" style=\"background-image: url(https:\/\/umg.ch\/wp-content\/uploads\/2018\/08\/1Y4A6043-900x675.jpg)\">\n\n\t\t\t\t\t\t\t\t\t\t\n\t\t\t\t\t\t\t\t\t\t<a href=\"https:\/\/umg.ch\/de\/\/tax-produits\/la-gamme-de-legumes\/\">\n\t\t\t\t\t\t\t\t\t\t\t<h4 class=\"product_title_link\">Gem\u00fcse<\/h4>\n\t\t\t\t\t\t\t\t\t\t<\/a>\n\n\n\n\t\t\t\t\t\t    <\/div><!--col-md-3 -->\n\t\t\t\t\t\t    \n\t\t\t\t\t\t  \n\n\t\t\t\t\t\t    \n                            \n                            \n                            \n                            \n                            \n                            \n                            \n                            \n                            \n                            \n                            \n                            \n                            \n                            \n                            \n                            \n                            \n                            \n                            \n                            \n                            \n                            \n                            \n                            \n                            \n                            \n                            \n                            \n                            \n                            \n                            \n                            \n                            \n                        \n\n\t\t\t\t\t\t                            \n                                                \n\t\t\t\t\t\t\t<div class=\"col-12 col-md-4 thumb_box\" style=\"background-image: url(https:\/\/umg.ch\/wp-content\/uploads\/2018\/08\/framboises_flickr_272567650_c8e9f9c0c3_b-2-900x675.jpg)\">\n\n\n\t\t\t\t\t\t\t\t\n\t\t\t\t\t\t\t\t\t\t<a href=\"https:\/\/umg.ch\/de\/\/tax-produits\/la-gamme-de-fruits\/\">\n\t\t\t\t\t\t\t\t\t\t\t<h4 class=\"product_title_link\">Fr\u00fcchte<\/h4>\n\t\t\t\t\t\t\t\t\t\t<\/a>\n\n\n\n\t\t\t\t\t\t    <\/div><!--col-md-6 -->\n\n\t\t\t\t\t\t                            \n                                                    \n                        \n\t\t\t\t\t\t\n                        \n\t\t\t\t\t\t\t<div class=\"col-12 col-md-4 thumb_box\" style=\"background-image: url(https:\/\/umg.ch\/wp-content\/uploads\/2018\/09\/2730-900x675.jpg)\">\n\n\t\t\t\t\t\t\t\t\n\t\t\t\t\t\t\t\t\t\t<a href=\"https:\/\/umg.ch\/de\/\/tax-produits\/les-produits-transformes\/\">\n\t\t\t\t\t\t\t\t\t\t\t<h4 class=\"product_title_link\">Verarbeitete Produkte<\/h4>\n\t\t\t\t\t\t\t\t\t\t<\/a>\n\n\n\t\t\t\t\t\t    <\/div><!--col-md-4 -->\n\n\n\t\t\t\t\t\t\n\n\t\t<\/div><!-- .d-flex -->\n\n       \n       \n            \n<\/div><!-- .homeblock-->\n\n\n\n\n\n<div class=\"wp-block-cover alignfull is-light has-parallax is-position-center-center\" style=\"min-height:400px;aspect-ratio:unset;\"><span aria-hidden=\"true\" class=\"wp-block-cover__background has-background-dim\"><\/span><div role=\"img\" class=\"wp-block-cover__image-background wp-image-1604 has-parallax\" style=\"background-position:50% 50%;background-image:url(https:\/\/umg.ch\/wp-content\/uploads\/2020\/03\/DSC09743_UMG_panneaux_solaires.jpg)\"><\/div><div class=\"wp-block-cover__inner-container is-layout-flow wp-block-cover-is-layout-flow\">\n<div class=\"wp-block-columns is-layout-flex wp-container-core-columns-is-layout-9d6595d7 wp-block-columns-is-layout-flex\">\n<div class=\"wp-block-column is-layout-flow wp-block-column-is-layout-flow\" style=\"flex-basis:33.33%\">\n<h2 class=\"has-blanc-color has-text-color wp-block-heading\">Engagement<\/h2>\n\n\n\n<div style=\"height:20px\" aria-hidden=\"true\" class=\"wp-block-spacer\"><\/div>\n\n\n\n<figure class=\"wp-block-image size-large is-resized\"><img decoding=\"async\" src=\"https:\/\/umg.ch\/wp-content\/uploads\/2020\/09\/noun_vegetables_1434570.svg\" alt=\"\" class=\"wp-image-2496\" width=\"160\"\/><\/figure>\n<\/div>\n\n\n\n<div class=\"wp-block-column is-layout-flow wp-block-column-is-layout-flow\" style=\"flex-basis:66.66%\">\n<p class=\"has-blanc-color has-text-color\">Die 30 000 Tonnen Fr\u00fcchte und Gem\u00fcse, welche die UMG jedes Jahr vermarktet, werden <strong>verantwortungsvoll angebaut<\/strong>. Die Produzentinnen und Produzenten unterliegen strengsten kantonalen und nationalen Auflagen.<\/p>\n\n\n\n<p class=\"has-blanc-color has-text-color\">In ihrem Bestreben, stets noch einen Schritt weiter zu gehen, setzen die Gem\u00fcseg\u00e4rtnerinnen und Gem\u00fcseg\u00e4rtner jedoch zus\u00e4tzlich das Konzept der nachhaltigen Entwicklung umfassend und in allen T\u00e4tigkeitsbereichen um, gest\u00fctzt auf drei Priorit\u00e4ten: <br><strong>Gesundheit, Qualit\u00e4t und Respekt f\u00fcr Mensch und Natur<\/strong>.<\/p>\n\n\n\n<div style=\"height:20px\" aria-hidden=\"true\" class=\"wp-block-spacer\"><\/div>\n\n\n\n<div class=\"wp-block-buttons is-layout-flex wp-block-buttons-is-layout-flex\">\n<div class=\"wp-block-button is-style-fill\"><a class=\"wp-block-button__link has-text-color has-background wp-element-button\" href=\"https:\/\/umg.ch\/de\/engagement\/les-engagements-durables\/\" style=\"color:#394053;background-color:#b8cbac\">Mehr erfahren<\/a><\/div>\n<\/div>\n<\/div>\n<\/div>\n\n\n\n<p><\/p>\n<\/div><\/div>\n","protected":false},"excerpt":{"rendered":"<p>Ihr Gem\u00fcse ist von uns! Die Union Mara\u00eech\u00e8re de Gen\u00e8ve (UMG) vereint die Genfer Gem\u00fcseg\u00e4rtnerinnen und Gem\u00fcseg\u00e4rtner unter einem Dach und vermarktet ihre Produktion. Im Laufe der Jahreszeiten bauen unsere [&hellip;]<\/p>\n","protected":false},"author":1,"featured_media":0,"parent":0,"menu_order":0,"comment_status":"closed","ping_status":"closed","template":"page-accueil.php","meta":{"_acf_changed":false,"inline_featured_image":false,"footnotes":""},"class_list":["post-2771","page","type-page","status-publish","hentry"],"acf":[],"yoast_head":"<!-- This site is optimized with the Yoast SEO plugin v27.2 - https:\/\/yoast.com\/product\/yoast-seo-wordpress\/ -->\n<title>Union Mara\u00eech\u00e8re de Gen\u00e8ve - Union Mara\u00eech\u00e8re de Gen\u00e8ve<\/title>\n<meta name=\"robots\" content=\"index, follow, max-snippet:-1, max-image-preview:large, max-video-preview:-1\" \/>\n<link rel=\"canonical\" href=\"https:\/\/umg.ch\/de\/\" \/>\n<meta property=\"og:locale\" content=\"de_DE\" \/>\n<meta property=\"og:type\" content=\"article\" \/>\n<meta property=\"og:title\" content=\"Union Mara\u00eech\u00e8re de Gen\u00e8ve - Union Mara\u00eech\u00e8re de Gen\u00e8ve\" \/>\n<meta property=\"og:description\" content=\"Ihr Gem\u00fcse ist von uns! Die Union Mara\u00eech\u00e8re de Gen\u00e8ve (UMG) vereint die Genfer Gem\u00fcseg\u00e4rtnerinnen und Gem\u00fcseg\u00e4rtner unter einem Dach und vermarktet ihre Produktion. Im Laufe der Jahreszeiten bauen unsere [&hellip;]\" \/>\n<meta property=\"og:url\" content=\"https:\/\/umg.ch\/de\/\" \/>\n<meta property=\"og:site_name\" content=\"Union Mara\u00eech\u00e8re de Gen\u00e8ve\" \/>\n<meta property=\"article:modified_time\" content=\"2022-11-04T15:27:17+00:00\" \/>\n<meta property=\"og:image\" content=\"https:\/\/umg.ch\/wp-content\/uploads\/2020\/09\/noun_vegetables_1434570.svg\" \/>\n<meta name=\"twitter:card\" content=\"summary_large_image\" \/>\n<meta name=\"twitter:label1\" content=\"Gesch\u00e4tzte Lesezeit\" \/>\n\t<meta name=\"twitter:data1\" content=\"1\u00a0Minute\" \/>\n<script type=\"application\/ld+json\" class=\"yoast-schema-graph\">{\"@context\":\"https:\/\/schema.org\",\"@graph\":[{\"@type\":\"WebPage\",\"@id\":\"https:\/\/umg.ch\/de\/\",\"url\":\"https:\/\/umg.ch\/de\/\",\"name\":\"Union Mara\u00eech\u00e8re de Gen\u00e8ve - Union Mara\u00eech\u00e8re de Gen\u00e8ve\",\"isPartOf\":{\"@id\":\"https:\/\/umg.ch\/de\/#website\"},\"primaryImageOfPage\":{\"@id\":\"https:\/\/umg.ch\/de\/#primaryimage\"},\"image\":{\"@id\":\"https:\/\/umg.ch\/de\/#primaryimage\"},\"thumbnailUrl\":\"https:\/\/umg.ch\/wp-content\/uploads\/2020\/09\/noun_vegetables_1434570.svg\",\"datePublished\":\"2017-03-09T18:18:46+00:00\",\"dateModified\":\"2022-11-04T15:27:17+00:00\",\"breadcrumb\":{\"@id\":\"https:\/\/umg.ch\/de\/#breadcrumb\"},\"inLanguage\":\"de\",\"potentialAction\":[{\"@type\":\"ReadAction\",\"target\":[\"https:\/\/umg.ch\/de\/\"]}]},{\"@type\":\"ImageObject\",\"inLanguage\":\"de\",\"@id\":\"https:\/\/umg.ch\/de\/#primaryimage\",\"url\":\"https:\/\/umg.ch\/wp-content\/uploads\/2020\/09\/noun_vegetables_1434570.svg\",\"contentUrl\":\"https:\/\/umg.ch\/wp-content\/uploads\/2020\/09\/noun_vegetables_1434570.svg\"},{\"@type\":\"BreadcrumbList\",\"@id\":\"https:\/\/umg.ch\/de\/#breadcrumb\",\"itemListElement\":[{\"@type\":\"ListItem\",\"position\":1,\"name\":\"Startseite\",\"item\":\"https:\/\/umg.ch\/de\/\"},{\"@type\":\"ListItem\",\"position\":2,\"name\":\"Union Mara\u00eech\u00e8re de Gen\u00e8ve\"}]},{\"@type\":\"WebSite\",\"@id\":\"https:\/\/umg.ch\/de\/#website\",\"url\":\"https:\/\/umg.ch\/de\/\",\"name\":\"Union Mara\u00eech\u00e8re de Gen\u00e8ve\",\"description\":\"Un terroir et des hommes\",\"potentialAction\":[{\"@type\":\"SearchAction\",\"target\":{\"@type\":\"EntryPoint\",\"urlTemplate\":\"https:\/\/umg.ch\/de\/?s={search_term_string}\"},\"query-input\":{\"@type\":\"PropertyValueSpecification\",\"valueRequired\":true,\"valueName\":\"search_term_string\"}}],\"inLanguage\":\"de\"}]}<\/script>\n<!-- \/ Yoast SEO plugin. -->","yoast_head_json":{"title":"Union Mara\u00eech\u00e8re de Gen\u00e8ve - Union Mara\u00eech\u00e8re de Gen\u00e8ve","robots":{"index":"index","follow":"follow","max-snippet":"max-snippet:-1","max-image-preview":"max-image-preview:large","max-video-preview":"max-video-preview:-1"},"canonical":"https:\/\/umg.ch\/de\/","og_locale":"de_DE","og_type":"article","og_title":"Union Mara\u00eech\u00e8re de Gen\u00e8ve - Union Mara\u00eech\u00e8re de Gen\u00e8ve","og_description":"Ihr Gem\u00fcse ist von uns! Die Union Mara\u00eech\u00e8re de Gen\u00e8ve (UMG) vereint die Genfer Gem\u00fcseg\u00e4rtnerinnen und Gem\u00fcseg\u00e4rtner unter einem Dach und vermarktet ihre Produktion. Im Laufe der Jahreszeiten bauen unsere [&hellip;]","og_url":"https:\/\/umg.ch\/de\/","og_site_name":"Union Mara\u00eech\u00e8re de Gen\u00e8ve","article_modified_time":"2022-11-04T15:27:17+00:00","og_image":[{"url":"https:\/\/umg.ch\/wp-content\/uploads\/2020\/09\/noun_vegetables_1434570.svg","type":"","width":"","height":""}],"twitter_card":"summary_large_image","twitter_misc":{"Gesch\u00e4tzte Lesezeit":"1\u00a0Minute"},"schema":{"@context":"https:\/\/schema.org","@graph":[{"@type":"WebPage","@id":"https:\/\/umg.ch\/de\/","url":"https:\/\/umg.ch\/de\/","name":"Union Mara\u00eech\u00e8re de Gen\u00e8ve - Union Mara\u00eech\u00e8re de Gen\u00e8ve","isPartOf":{"@id":"https:\/\/umg.ch\/de\/#website"},"primaryImageOfPage":{"@id":"https:\/\/umg.ch\/de\/#primaryimage"},"image":{"@id":"https:\/\/umg.ch\/de\/#primaryimage"},"thumbnailUrl":"https:\/\/umg.ch\/wp-content\/uploads\/2020\/09\/noun_vegetables_1434570.svg","datePublished":"2017-03-09T18:18:46+00:00","dateModified":"2022-11-04T15:27:17+00:00","breadcrumb":{"@id":"https:\/\/umg.ch\/de\/#breadcrumb"},"inLanguage":"de","potentialAction":[{"@type":"ReadAction","target":["https:\/\/umg.ch\/de\/"]}]},{"@type":"ImageObject","inLanguage":"de","@id":"https:\/\/umg.ch\/de\/#primaryimage","url":"https:\/\/umg.ch\/wp-content\/uploads\/2020\/09\/noun_vegetables_1434570.svg","contentUrl":"https:\/\/umg.ch\/wp-content\/uploads\/2020\/09\/noun_vegetables_1434570.svg"},{"@type":"BreadcrumbList","@id":"https:\/\/umg.ch\/de\/#breadcrumb","itemListElement":[{"@type":"ListItem","position":1,"name":"Startseite","item":"https:\/\/umg.ch\/de\/"},{"@type":"ListItem","position":2,"name":"Union Mara\u00eech\u00e8re de Gen\u00e8ve"}]},{"@type":"WebSite","@id":"https:\/\/umg.ch\/de\/#website","url":"https:\/\/umg.ch\/de\/","name":"Union Mara\u00eech\u00e8re de Gen\u00e8ve","description":"Un terroir et des hommes","potentialAction":[{"@type":"SearchAction","target":{"@type":"EntryPoint","urlTemplate":"https:\/\/umg.ch\/de\/?s={search_term_string}"},"query-input":{"@type":"PropertyValueSpecification","valueRequired":true,"valueName":"search_term_string"}}],"inLanguage":"de"}]}},"_links":{"self":[{"href":"https:\/\/umg.ch\/de\/wp-json\/wp\/v2\/pages\/2771","targetHints":{"allow":["GET"]}}],"collection":[{"href":"https:\/\/umg.ch\/de\/wp-json\/wp\/v2\/pages"}],"about":[{"href":"https:\/\/umg.ch\/de\/wp-json\/wp\/v2\/types\/page"}],"author":[{"embeddable":true,"href":"https:\/\/umg.ch\/de\/wp-json\/wp\/v2\/users\/1"}],"replies":[{"embeddable":true,"href":"https:\/\/umg.ch\/de\/wp-json\/wp\/v2\/comments?post=2771"}],"version-history":[{"count":10,"href":"https:\/\/umg.ch\/de\/wp-json\/wp\/v2\/pages\/2771\/revisions"}],"predecessor-version":[{"id":4527,"href":"https:\/\/umg.ch\/de\/wp-json\/wp\/v2\/pages\/2771\/revisions\/4527"}],"wp:attachment":[{"href":"https:\/\/umg.ch\/de\/wp-json\/wp\/v2\/media?parent=2771"}],"curies":[{"name":"wp","href":"https:\/\/api.w.org\/{rel}","templated":true}]}}